{"id":926,"date":"2018-01-30T15:11:32","date_gmt":"2018-01-30T14:11:32","guid":{"rendered":"https:\/\/dieselexpert.com\/?page_id=926\/"},"modified":"2026-03-19T13:18:59","modified_gmt":"2026-03-19T12:18:59","slug":"nuestro-equipo","status":"publish","type":"page","link":"https:\/\/dieselexpert.com\/es\/nuestra-compania\/nuestro-equipo\/","title":{"rendered":"Nuestro equipo"},"content":{"rendered":"<h2>DEX Quebec<\/h2>\n<div class=\"row\">\n<div class=\"col-lg-3 col-md-4 col-sm-6 col-xs-12\"><img loading=\"lazy\" decoding=\"async\" class=\"img-responsive\" src=\"https:\/\/dieselexpert.com\/wp-content\/uploads\/2022\/11\/Chalifour-Martin-150-150-1.jpg\" alt=\"\" width=\"150\" height=\"150\"><strong>Martin Chalifour<\/strong><br \/>\nPresidente<\/div>\n<div class=\"col-lg-3 col-md-4 col-sm-6 col-xs-12\"><img loading=\"lazy\" decoding=\"async\" class=\"img-responsive\" src=\"https:\/\/dieselexpert.com\/wp-content\/uploads\/2019\/06\/JM-5.jpg\" alt=\"\" width=\"150\" height=\"150\"><strong>Johanne Morin<\/strong><br \/>\nControlador<\/div>\n<div class=\"col-lg-3 col-md-4 col-sm-6 col-xs-12\"><img loading=\"lazy\" decoding=\"async\" class=\"img-responsive\" src=\"https:\/\/dieselexpert.com\/wp-content\/uploads\/2026\/03\/Melissa-Sheppard-Turcottre.jpg\" alt=\"\" width=\"150\" height=\"150\"><strong>M\u00e9lissa Sheppard-Turcotte<\/strong><br \/>\nControlador<\/div>\n<div class=\"col-lg-3 col-md-4 col-sm-6 col-xs-12\"><img loading=\"lazy\" decoding=\"async\" class=\"img-responsive\" src=\"https:\/\/dieselexpert.com\/wp-content\/uploads\/2020\/02\/DEX-150.jpg\" alt=\"\" width=\"150\" height=\"150\"><strong>Anne Ouellet<\/strong><br \/>\nComtable<\/div>\n<\/div>\n<div class=\"row\">\n<div class=\"col-lg-3 col-md-4 col-sm-6 col-xs-12\"><img loading=\"lazy\" decoding=\"async\" class=\"img-responsive\" src=\"https:\/\/dieselexpert.com\/wp-content\/uploads\/2019\/02\/Daniel-150x150.jpg\" alt=\"\" width=\"150\" height=\"150\"><strong>Daniel Usberto<\/strong><br \/>\nDirector comercial<\/div>\n<div class=\"col-lg-3 col-md-4 col-sm-6 col-xs-12\"><img loading=\"lazy\" decoding=\"async\" class=\"img-responsive\" src=\"https:\/\/dieselexpert.com\/wp-content\/uploads\/2025\/02\/BP.jpg\" alt=\"\" width=\"150\" height=\"150\"><strong> Benjamin Pacas <\/strong><br \/>\nExperto t\u00e9cnico <\/div>\n<div class=\"col-lg-3 col-md-4 col-sm-6 col-xs-12\"><img decoding=\"async\" class=\"img-responsive\" src=\"https:\/\/dieselexpert.com\/wp-content\/uploads\/2025\/02\/GM-1.jpg\" alt=\"\"><strong>Gianni Martinez<\/strong><br \/>\nEncargado de Negocios<\/div>\n<div class=\"col-lg-3 col-md-4 col-sm-6 col-xs-12\"><img loading=\"lazy\" decoding=\"async\" class=\"img-responsive\" src=\"https:\/\/dieselexpert.com\/wp-content\/uploads\/2025\/03\/JA.jpg\" alt=\"\" width=\"150\" height=\"150\" \/><strong>Jean Abrard<\/strong><br \/>\nGestor de proyectos<\/div>\n<div class=\"col-lg-3 col-md-4 col-sm-6 col-xs-12\"><img loading=\"lazy\" decoding=\"async\" class=\"img-responsive\" src=\"https:\/\/dieselexpert.com\/wp-content\/uploads\/2025\/08\/MP.jpg\" alt=\"\" width=\"150\" height=\"150\"><strong>Michel Perron<\/strong><br \/>\nLog\u00edstica<\/div>\n<\/div>\n<div class=\"row\">\n<div class=\"col-lg-3 col-md-4 col-sm-6 col-xs-12\"><img loading=\"lazy\" decoding=\"async\" class=\"img-responsive\" src=\"https:\/\/dieselexpert.com\/wp-content\/uploads\/2019\/02\/Stephan-150x150-1.jpg\" alt=\" \" width=\"150\" height=\"150\"><strong>St\u00e9phan Fournier<\/strong><br \/>\nJefe de almac\u00e9n<\/div>\n<div class=\"col-lg-3 col-md-4 col-sm-6 col-xs-12\"><img loading=\"lazy\" decoding=\"async\" class=\"img-responsive\" src=\"https:\/\/dieselexpert.com\/wp-content\/uploads\/2020\/02\/DEX-150.jpg\" alt=\"\" width=\"150\" height=\"150\"><strong>Samuel Lefran\u00e7ois<\/strong><br \/>\nEncargado de tienda<\/div>\n<\/div>\n<h2>DEX Francia<\/h2>\n<div class=\"row\">\n<div class=\"col-lg-3 col-md-4 col-sm-6 col-xs-12\"><img loading=\"lazy\" decoding=\"async\" class=\"img-responsive\" src=\"https:\/\/dieselexpert.com\/wp-content\/uploads\/2022\/11\/Chalifour-Martin-150-150-1.jpg\" alt=\"\" width=\"150\" height=\"150\"><strong>Martin Chalifour<\/strong><br \/>\nPresidente<\/div>\n<div class=\"col-lg-3 col-md-4 col-sm-6 col-xs-12\"><img loading=\"lazy\" decoding=\"async\" class=\"img-responsive\" src=\"https:\/\/dieselexpert.com\/wp-content\/uploads\/2026\/02\/Francois-MECIAR.jpg\" alt=\"\" width=\"150\" height=\"150\"><strong>Fran\u00e7ois M\u00e9ciar<\/strong><br \/>\nDirector t\u00e9cnico SSE manager<\/div>\n<div class=\"col-lg-3 col-md-4 col-sm-6 col-xs-12\"><img decoding=\"async\" class=\"img-responsive\" src=\"https:\/\/dieselexpert.com\/wp-content\/uploads\/2026\/02\/Cedric-BERNARD.jpg\" alt=\"\"><strong>C\u00e9dric Bernard<\/strong><br \/>\nIngeniero de ventas commercial<\/div>\n<div class=\"col-lg-3 col-md-4 col-sm-6 col-xs-12\"><img decoding=\"async\" class=\"img-responsive\" src=\"https:\/\/dieselexpert.com\/wp-content\/uploads\/2020\/02\/DEX-150.jpg \" alt=\"\"><strong>Damien Moreau<\/strong><br \/>\nEncargado de Negocios <\/div>\n<\/div>\n<div class=\"row\">\n<div class=\"col-lg-3 col-md-4 col-sm-6 col-xs-12\"><img decoding=\"async\" class=\"img-responsive\" src=\"https:\/\/dieselexpert.com\/wp-content\/uploads\/2019\/02\/kevin-defay-150x150.jpg\" alt=\"\"><strong>Kevin Defay<\/strong><br \/>\nEncargado de Negocios<\/div>\n<div class=\"col-lg-3 col-md-4 col-sm-6 col-xs-12\"><img decoding=\"async\" class=\"img-responsive\" src=\"https:\/\/dieselexpert.com\/wp-content\/uploads\/2026\/02\/Cyril-MECIAR.jpg\" alt=\"\"><strong>Cyril Meciar<\/strong><br \/>\nJefe de almac\u00e9n<\/div>\n<div class=\"col-lg-3 col-md-4 col-sm-6 col-xs-12\"><img loading=\"lazy\" decoding=\"async\" class=\"img-responsive\" src=\"https:\/\/dieselexpert.com\/wp-content\/uploads\/2026\/02\/Theo-VILANOVA-SEGUI.jpg\" alt=\"\" width=\"150\" height=\"150\" \/><strong>Th\u00e9o Vilanova-Segui<\/strong><br \/>\nT\u00e9chnico di\u00e9sel<\/div>\n<\/div>\n<h2>DEX \u00c9tudes &#8211; Polynesia francesa<\/h2>\n<div class=\"row\">\n<div class=\"col-lg-3 col-md-4 col-sm-6 col-xs-12\"><img loading=\"lazy\" decoding=\"async\" class=\"img-responsive\" src=\"https:\/\/dieselexpert.com\/wp-content\/uploads\/2025\/02\/RM-1.jpg\" alt=\"\" width=\"150\" height=\"150\"><strong> Romain Batcrabere <\/strong><br \/>\nIngeniero m\u00e9canico \u2013 Jefe de proyectos<\/div>\n<\/div>\n","protected":false},"excerpt":{"rendered":"<p>DEX Quebec Martin Chalifour Presidente Johanne Morin Controlador M\u00e9lissa Sheppard-Turcotte Controlador Anne Ouellet Comtable Daniel Usberto Director comercial Benjamin Pacas Experto t\u00e9cnico Gianni Martinez Encargado de Negocios Jean Abrard Gestor de proyectos Michel Perron Log\u00edstica St\u00e9phan Fournier Jefe de almac\u00e9n Samuel Lefran\u00e7ois Encargado de tienda DEX Francia Martin Chalifour Presidente Fran\u00e7ois M\u00e9ciar Director t\u00e9cnico SSE [&hellip;]<\/p>\n","protected":false},"author":3,"featured_media":0,"parent":275,"menu_order":0,"comment_status":"closed","ping_status":"closed","template":"","meta":{"footnotes":""},"class_list":["post-926","page","type-page","status-publish","hentry"],"_links":{"self":[{"href":"https:\/\/dieselexpert.com\/es\/wp-json\/wp\/v2\/pages\/926","targetHints":{"allow":["GET"]}}],"collection":[{"href":"https:\/\/dieselexpert.com\/es\/wp-json\/wp\/v2\/pages"}],"about":[{"href":"https:\/\/dieselexpert.com\/es\/wp-json\/wp\/v2\/types\/page"}],"author":[{"embeddable":true,"href":"https:\/\/dieselexpert.com\/es\/wp-json\/wp\/v2\/users\/3"}],"replies":[{"embeddable":true,"href":"https:\/\/dieselexpert.com\/es\/wp-json\/wp\/v2\/comments?post=926"}],"version-history":[{"count":37,"href":"https:\/\/dieselexpert.com\/es\/wp-json\/wp\/v2\/pages\/926\/revisions"}],"predecessor-version":[{"id":3541,"href":"https:\/\/dieselexpert.com\/es\/wp-json\/wp\/v2\/pages\/926\/revisions\/3541"}],"up":[{"embeddable":true,"href":"https:\/\/dieselexpert.com\/es\/wp-json\/wp\/v2\/pages\/275"}],"wp:attachment":[{"href":"https:\/\/dieselexpert.com\/es\/wp-json\/wp\/v2\/media?parent=926"}],"curies":[{"name":"wp","href":"https:\/\/api.w.org\/{rel}","templated":true}]}}