{"id":357,"date":"2017-02-13T20:13:31","date_gmt":"2017-02-13T19:13:31","guid":{"rendered":"https:\/\/dieselexpert.com\/?page_id=357"},"modified":"2018-03-22T16:19:05","modified_gmt":"2018-03-22T15:19:05","slug":"sistemas-cmr","status":"publish","type":"page","link":"https:\/\/dieselexpert.com\/es\/nuestros-servicios\/electronico-y-control\/sistemas-cmr\/","title":{"rendered":"Sistemas CMR"},"content":{"rendered":"<p><img loading=\"lazy\" decoding=\"async\" class=\"alignleft size-full wp-image-454\" style=\"margin-right: 10px; float: left;\" src=\"https:\/\/dieselexpert.com\/wp-content\/uploads\/2016\/09\/logo0.png\" alt=\"logo0\" width=\"174\" height=\"77\" \/><\/p>\n<p>&nbsp;<\/p>\n<p>&nbsp;<\/p>\n<p>&nbsp;<\/p>\n<p>Nosotros ofrecemos una gama de sistemas el\u00e9ctricos y de productos electr\u00f3nicos de calidad dirigidos a la industria mar\u00edtima y la construcci\u00f3n naval.<\/p>\n<p>Reconocido por sus sistemas de concepciones personalizadas, adaptadas a las necesidades especificas de cada usuario. CMR dise\u00f1a, desarrolla y produce diferentes tipos de sistemas de sensores y controles destinados a los diferentes procesos industriales m\u00e1s complejos.<\/p>\n<div class=\"row\">\n<div class=\"col-lg-3\">\n<p><a href=\"https:\/\/dieselexpert.com\/wp-content\/uploads\/2016\/09\/diesel_20and_20gas_20engine_20guide.pdf\" target=\"_blank\" rel=\"noopener\"><img loading=\"lazy\" decoding=\"async\" class=\"alignleft size-full wp-image-492 image-pdf\" src=\"https:\/\/dieselexpert.com\/wp-content\/uploads\/2016\/09\/tmp-brochure-engines.jpg\" alt=\"tmp-brochure-engines\" width=\"160\" height=\"146\" \/><\/a><\/p>\n<p style=\"text-align: center;\"><a href=\"https:\/\/dieselexpert.com\/wp-content\/uploads\/2016\/09\/diesel_20and_20gas_20engine_20guide.pdf\" target=\"_blank\" rel=\"noopener\">Engines<\/a><\/p>\n<\/div>\n<div class=\"col-lg-3\">\n<p><a href=\"https:\/\/dieselexpert.com\/wp-content\/uploads\/2016\/09\/engineering_20solutions_20guide.pdf\" target=\"_blank\" rel=\"noopener\"><img loading=\"lazy\" decoding=\"async\" class=\"alignleft size-full wp-image-491 image-pdf\" src=\"https:\/\/dieselexpert.com\/wp-content\/uploads\/2016\/09\/tmp-brochure-engineering.jpg\" alt=\"tmp-brochure-engineering\" width=\"160\" height=\"146\" \/><\/a><\/p>\n<p style=\"text-align: center;\"><a href=\"https:\/\/dieselexpert.com\/wp-content\/uploads\/2016\/09\/engineering_20solutions_20guide.pdf\" target=\"_blank\" rel=\"noopener\">Engineering<\/a><\/p>\n<\/div>\n<div class=\"col-lg-3\">\n<p><a href=\"https:\/\/dieselexpert.com\/wp-content\/uploads\/2016\/09\/marine_20systems_20guide.pdf\" target=\"_blank\" rel=\"noopener\"><img loading=\"lazy\" decoding=\"async\" class=\"alignleft size-full wp-image-493 image-pdf\" src=\"https:\/\/dieselexpert.com\/wp-content\/uploads\/2016\/09\/tmp-brochure-marine.jpg\" alt=\"tmp-brochure-marine\" width=\"160\" height=\"146\" \/><\/a><\/p>\n<p style=\"text-align: center;\"><a href=\"https:\/\/dieselexpert.com\/wp-content\/uploads\/2016\/09\/marine_20systems_20guide.pdf\" target=\"_blank\" rel=\"noopener\">Marine<\/a><\/p>\n<\/div>\n<div class=\"col-lg-3\">\n<p><a href=\"https:\/\/dieselexpert.com\/wp-content\/uploads\/2016\/09\/oil_20and_20gas_20guide.pdf\" target=\"_blank\" rel=\"noopener\"><img loading=\"lazy\" decoding=\"async\" class=\"alignleft size-full wp-image-494 image-pdf\" src=\"https:\/\/dieselexpert.com\/wp-content\/uploads\/2016\/09\/tmp-brochure-oil-gas.jpg\" alt=\"tmp-brochure-oil-gas\" width=\"160\" height=\"146\" \/><\/a><\/p>\n<p style=\"text-align: center;\"><a href=\"https:\/\/dieselexpert.com\/wp-content\/uploads\/2016\/09\/oil_20and_20gas_20guide.pdf\" target=\"_blank\" rel=\"noopener\">Oil &amp; gas<\/a><\/p>\n<\/div>\n<\/div>\n","protected":false},"excerpt":{"rendered":"<p>&nbsp; &nbsp; &nbsp; Nosotros ofrecemos una gama de sistemas el\u00e9ctricos y de productos electr\u00f3nicos de calidad dirigidos a la industria mar\u00edtima y la construcci\u00f3n naval. Reconocido por sus sistemas de concepciones personalizadas, adaptadas a las necesidades especificas de cada usuario. CMR dise\u00f1a, desarrolla y produce diferentes tipos de sistemas de sensores y controles destinados a [&hellip;]<\/p>\n","protected":false},"author":1,"featured_media":0,"parent":333,"menu_order":1,"comment_status":"closed","ping_status":"closed","template":"","meta":{"footnotes":""},"class_list":["post-357","page","type-page","status-publish","hentry"],"_links":{"self":[{"href":"https:\/\/dieselexpert.com\/es\/wp-json\/wp\/v2\/pages\/357","targetHints":{"allow":["GET"]}}],"collection":[{"href":"https:\/\/dieselexpert.com\/es\/wp-json\/wp\/v2\/pages"}],"about":[{"href":"https:\/\/dieselexpert.com\/es\/wp-json\/wp\/v2\/types\/page"}],"author":[{"embeddable":true,"href":"https:\/\/dieselexpert.com\/es\/wp-json\/wp\/v2\/users\/1"}],"replies":[{"embeddable":true,"href":"https:\/\/dieselexpert.com\/es\/wp-json\/wp\/v2\/comments?post=357"}],"version-history":[{"count":0,"href":"https:\/\/dieselexpert.com\/es\/wp-json\/wp\/v2\/pages\/357\/revisions"}],"up":[{"embeddable":true,"href":"https:\/\/dieselexpert.com\/es\/wp-json\/wp\/v2\/pages\/333"}],"wp:attachment":[{"href":"https:\/\/dieselexpert.com\/es\/wp-json\/wp\/v2\/media?parent=357"}],"curies":[{"name":"wp","href":"https:\/\/api.w.org\/{rel}","templated":true}]}}