{"id":341,"date":"2017-02-13T20:03:01","date_gmt":"2017-02-13T19:03:01","guid":{"rendered":"https:\/\/dieselexpert.com\/?page_id=341"},"modified":"2025-03-28T17:02:37","modified_gmt":"2025-03-28T16:02:37","slug":"mantenimiento-apoyo-tecnico","status":"publish","type":"page","link":"https:\/\/dieselexpert.com\/es\/nuestros-servicios\/dex-services-es\/mantenimiento-apoyo-tecnico\/","title":{"rendered":"Mantenimiento en sitio"},"content":{"rendered":"<p><img loading=\"lazy\" decoding=\"async\" class=\"alignnone size-full wp-image-2575\" src=\"https:\/\/dieselexpert.com\/wp-content\/uploads\/2024\/09\/maint_01.jpg\" alt=\"\" width=\"250\" height=\"172\" \/> <img loading=\"lazy\" decoding=\"async\" class=\"alignnone size-full wp-image-2578\" src=\"https:\/\/dieselexpert.com\/wp-content\/uploads\/2024\/09\/maint_02.jpg\" alt=\"\" width=\"250\" height=\"172\" \/><\/p>\n<p><img loading=\"lazy\" decoding=\"async\" class=\"alignnone size-full wp-image-2581\" src=\"https:\/\/dieselexpert.com\/wp-content\/uploads\/2024\/09\/maint_03.jpg\" alt=\"\" width=\"250\" height=\"172\" \/>\u00a0<img loading=\"lazy\" decoding=\"async\" class=\"alignnone size-full wp-image-2587\" src=\"https:\/\/dieselexpert.com\/wp-content\/uploads\/2024\/09\/maint_06.jpg\" alt=\"\" width=\"250\" height=\"172\" \/><\/p>\n<p><img loading=\"lazy\" decoding=\"async\" class=\"alignnone size-full wp-image-2590\" src=\"https:\/\/dieselexpert.com\/wp-content\/uploads\/2024\/09\/maint_07.jpg\" alt=\"\" width=\"250\" height=\"172\" \/> <img loading=\"lazy\" decoding=\"async\" class=\"alignnone size-full wp-image-2584\" src=\"https:\/\/dieselexpert.com\/wp-content\/uploads\/2024\/09\/maint_04.jpg\" alt=\"\" width=\"250\" height=\"172\" \/><\/p>\n<p><img loading=\"lazy\" decoding=\"async\" class=\"wp-image-1306 aligncenter\" src=\"https:\/\/dieselexpert.com\/wp-content\/uploads\/2019\/08\/P1020022-300x225.jpg\" alt=\"\" width=\"369\" height=\"277\" srcset=\"https:\/\/dieselexpert.com\/wp-content\/uploads\/2019\/08\/P1020022-300x225.jpg 300w, https:\/\/dieselexpert.com\/wp-content\/uploads\/2019\/08\/P1020022.jpg 500w\" sizes=\"auto, (max-width: 369px) 100vw, 369px\" \/><\/p>\n<p style=\"text-align: left;\"><em>2024: Mantenimiento 24000 Horas, Motor PC2.5, departamento franc\u00e9s de Guyana\u00a0<\/em><\/p>\n<h3>Podemos brindarle nuestra asistencia para el mantenimiento y an\u00e1lisis de sus motores a trav\u00e9s de la prestaci\u00f3n de uno o varios supervisores, o de un equipo de mantenimiento.<\/h3>\n<p>Sector de intervenci\u00f3n:<br \/>\n&#8211; supervisi\u00f3n de mantenimiento<br \/>\n&#8211; mantenimiento general<br \/>\n&#8211; apoyo t\u00e9cnico<br \/>\n&#8211; asistencia t\u00e9cnica<\/p>\n","protected":false},"excerpt":{"rendered":"<p>\u00a0 2024: Mantenimiento 24000 Horas, Motor PC2.5, departamento franc\u00e9s de Guyana\u00a0 Podemos brindarle nuestra asistencia para el mantenimiento y an\u00e1lisis de sus motores a trav\u00e9s de la prestaci\u00f3n de uno o varios supervisores, o de un equipo de mantenimiento. Sector de intervenci\u00f3n: &#8211; supervisi\u00f3n de mantenimiento &#8211; mantenimiento general &#8211; apoyo t\u00e9cnico &#8211; asistencia t\u00e9cnica<\/p>\n","protected":false},"author":1,"featured_media":0,"parent":323,"menu_order":2,"comment_status":"closed","ping_status":"closed","template":"page-colonne-double.php","meta":{"footnotes":""},"class_list":["post-341","page","type-page","status-publish","hentry"],"_links":{"self":[{"href":"https:\/\/dieselexpert.com\/es\/wp-json\/wp\/v2\/pages\/341","targetHints":{"allow":["GET"]}}],"collection":[{"href":"https:\/\/dieselexpert.com\/es\/wp-json\/wp\/v2\/pages"}],"about":[{"href":"https:\/\/dieselexpert.com\/es\/wp-json\/wp\/v2\/types\/page"}],"author":[{"embeddable":true,"href":"https:\/\/dieselexpert.com\/es\/wp-json\/wp\/v2\/users\/1"}],"replies":[{"embeddable":true,"href":"https:\/\/dieselexpert.com\/es\/wp-json\/wp\/v2\/comments?post=341"}],"version-history":[{"count":4,"href":"https:\/\/dieselexpert.com\/es\/wp-json\/wp\/v2\/pages\/341\/revisions"}],"predecessor-version":[{"id":3128,"href":"https:\/\/dieselexpert.com\/es\/wp-json\/wp\/v2\/pages\/341\/revisions\/3128"}],"up":[{"embeddable":true,"href":"https:\/\/dieselexpert.com\/es\/wp-json\/wp\/v2\/pages\/323"}],"wp:attachment":[{"href":"https:\/\/dieselexpert.com\/es\/wp-json\/wp\/v2\/media?parent=341"}],"curies":[{"name":"wp","href":"https:\/\/api.w.org\/{rel}","templated":true}]}}