{"id":3381,"date":"2025-05-15T12:59:06","date_gmt":"2025-05-15T11:59:06","guid":{"rendered":"https:\/\/dieselexpert.com\/carta-de-rse\/"},"modified":"2025-05-27T15:45:49","modified_gmt":"2025-05-27T14:45:49","slug":"carta-de-rse","status":"publish","type":"page","link":"https:\/\/dieselexpert.com\/es\/carta-de-rse\/","title":{"rendered":"Carta de RSE"},"content":{"rendered":"\n<h2 class=\"wp-block-heading\">Nuestra carta de RSE<\/h2>\n\n\n\n<p>Los valores de nuestra empresa deben ser reconocibles en la forma en que llevamos a cabo nuestro negocio, tanto interna como externamente.<\/p>\n\n\n\n<p>Frente a los grandes desaf\u00edos sociales, medioambientales y econ\u00f3micos, Diesel Expert se compromete a construir relaciones privilegiadas con sus proveedores y clientes a trav\u00e9s de una carta de RSE. Adem\u00e1s, al ser proveedor de grandes empresas, DEX debe ser capaz de cumplir con el deber de vigilancia de estos clientes.<\/p>\n\n\n\n<h3 class=\"wp-block-heading\">La salud y el bienestar de nuestros empleados<\/h3>\n\n\n\n<figure class=\"wp-block-image size-full is-resized\"><img loading=\"lazy\" decoding=\"async\" width=\"762\" height=\"271\" src=\"https:\/\/dieselexpert.com\/wp-content\/uploads\/2025\/05\/RSE-1-es.jpg\" alt=\"\" class=\"wp-image-3446\" style=\"width:606px;height:auto\" srcset=\"https:\/\/dieselexpert.com\/wp-content\/uploads\/2025\/05\/RSE-1-es.jpg 762w, https:\/\/dieselexpert.com\/wp-content\/uploads\/2025\/05\/RSE-1-es-300x107.jpg 300w\" sizes=\"auto, (max-width: 762px) 100vw, 762px\" \/><\/figure>\n\n\n\n<h3 class=\"wp-block-heading\">Respeto por el medio ambiente<\/h3>\n\n\n\n<figure class=\"wp-block-image size-full is-resized\"><img loading=\"lazy\" decoding=\"async\" width=\"756\" height=\"240\" src=\"https:\/\/dieselexpert.com\/wp-content\/uploads\/2025\/05\/RSE-2-es.jpg\" alt=\"\" class=\"wp-image-3448\" style=\"width:602px;height:auto\" srcset=\"https:\/\/dieselexpert.com\/wp-content\/uploads\/2025\/05\/RSE-2-es.jpg 756w, https:\/\/dieselexpert.com\/wp-content\/uploads\/2025\/05\/RSE-2-es-300x95.jpg 300w\" sizes=\"auto, (max-width: 756px) 100vw, 756px\" \/><\/figure>\n\n\n\n<h3 class=\"wp-block-heading\">Respeto a la \u00e9tica<\/h3>\n\n\n\n<figure class=\"wp-block-image size-full is-resized\"><img loading=\"lazy\" decoding=\"async\" width=\"755\" height=\"276\" src=\"https:\/\/dieselexpert.com\/wp-content\/uploads\/2025\/05\/RSE-3-es.jpg\" alt=\"\" class=\"wp-image-3454\" style=\"width:606px;height:auto\" srcset=\"https:\/\/dieselexpert.com\/wp-content\/uploads\/2025\/05\/RSE-3-es.jpg 755w, https:\/\/dieselexpert.com\/wp-content\/uploads\/2025\/05\/RSE-3-es-300x110.jpg 300w\" sizes=\"auto, (max-width: 755px) 100vw, 755px\" \/><\/figure>\n\n\n\n<figure class=\"wp-block-image size-full\"><img loading=\"lazy\" decoding=\"async\" width=\"150\" height=\"208\" src=\"https:\/\/dieselexpert.com\/wp-content\/uploads\/2025\/05\/RSE-ES.jpg\" alt=\"\" class=\"wp-image-3395\"\/><\/figure>\n\n\n\n<p><a href=\"https:\/\/dieselexpert.com\/wp-content\/uploads\/2025\/05\/RSE-Diesel-Expert-ES.pdf\" data-type=\"link\" data-id=\"https:\/\/dieselexpert.com\/wp-content\/uploads\/2025\/05\/RSE-Diesel-Expert-ES.pdf\">Descargar (232 ko)<\/a><\/p>\n\n\n\n<p><\/p>\n","protected":false},"excerpt":{"rendered":"<p>Nuestra carta de RSE Los valores de nuestra empresa deben ser reconocibles en la forma en que llevamos a cabo nuestro negocio, tanto interna como externamente. Frente a los grandes desaf\u00edos sociales, medioambientales y econ\u00f3micos, Diesel Expert se compromete a construir relaciones privilegiadas con sus proveedores y clientes a trav\u00e9s de una carta de RSE. [&hellip;]<\/p>\n","protected":false},"author":3,"featured_media":0,"parent":0,"menu_order":0,"comment_status":"closed","ping_status":"closed","template":"","meta":{"footnotes":""},"class_list":["post-3381","page","type-page","status-publish","hentry"],"_links":{"self":[{"href":"https:\/\/dieselexpert.com\/es\/wp-json\/wp\/v2\/pages\/3381","targetHints":{"allow":["GET"]}}],"collection":[{"href":"https:\/\/dieselexpert.com\/es\/wp-json\/wp\/v2\/pages"}],"about":[{"href":"https:\/\/dieselexpert.com\/es\/wp-json\/wp\/v2\/types\/page"}],"author":[{"embeddable":true,"href":"https:\/\/dieselexpert.com\/es\/wp-json\/wp\/v2\/users\/3"}],"replies":[{"embeddable":true,"href":"https:\/\/dieselexpert.com\/es\/wp-json\/wp\/v2\/comments?post=3381"}],"version-history":[{"count":4,"href":"https:\/\/dieselexpert.com\/es\/wp-json\/wp\/v2\/pages\/3381\/revisions"}],"predecessor-version":[{"id":3457,"href":"https:\/\/dieselexpert.com\/es\/wp-json\/wp\/v2\/pages\/3381\/revisions\/3457"}],"wp:attachment":[{"href":"https:\/\/dieselexpert.com\/es\/wp-json\/wp\/v2\/media?parent=3381"}],"curies":[{"name":"wp","href":"https:\/\/api.w.org\/{rel}","templated":true}]}}