{"id":3362,"date":"2025-05-15T12:45:13","date_gmt":"2025-05-15T11:45:13","guid":{"rendered":"https:\/\/dieselexpert.com\/politica-sse\/"},"modified":"2025-05-27T15:32:03","modified_gmt":"2025-05-27T14:32:03","slug":"politica-sse","status":"publish","type":"page","link":"https:\/\/dieselexpert.com\/es\/politica-sse\/","title":{"rendered":"Politica SSE"},"content":{"rendered":"\n<h2 class=\"wp-block-heading\">Nuestra politica SSE<\/h2>\n\n\n\n<p>DEX Services garantiza que sus empleados trabajen en un entorno seguro donde el enfoque de Salud, Seguridad y Medio Ambiente es una prioridad de la empresa. Para contribuir a su rendimiento, DEX implementa un sistema de gesti\u00f3n de HSE con la ayuda de las normas ISO 14001 y MASE, as\u00ed como del c\u00f3digo laboral.<\/p>\n\n\n\n<p>Este enfoque voluntario requiere la participaci\u00f3n de la direcci\u00f3n, los empleados in situ y los t\u00e9cnicos de intervenci\u00f3n. Ponemos en marcha todos los medios para evaluar los riesgos, establecer las normas de seguridad con el objetivo de <strong>CERO ACCIDENTES MORTALES<\/strong>.<\/p>\n\n\n\n<figure class=\"wp-block-image size-full\"><img loading=\"lazy\" decoding=\"async\" width=\"796\" height=\"826\" src=\"https:\/\/dieselexpert.com\/wp-content\/uploads\/2025\/05\/SSE-es.jpg\" alt=\"\" class=\"wp-image-3435\" srcset=\"https:\/\/dieselexpert.com\/wp-content\/uploads\/2025\/05\/SSE-es.jpg 796w, https:\/\/dieselexpert.com\/wp-content\/uploads\/2025\/05\/SSE-es-289x300.jpg 289w, https:\/\/dieselexpert.com\/wp-content\/uploads\/2025\/05\/SSE-es-768x797.jpg 768w\" sizes=\"auto, (max-width: 796px) 100vw, 796px\" \/><\/figure>\n\n\n\n<figure class=\"wp-block-image size-full\"><img loading=\"lazy\" decoding=\"async\" width=\"150\" height=\"224\" src=\"https:\/\/dieselexpert.com\/wp-content\/uploads\/2025\/05\/Politica-SSE-Diesel-Expert-1.jpg\" alt=\"\" class=\"wp-image-3399\"\/><\/figure>\n\n\n\n<p><a href=\"https:\/\/dieselexpert.com\/wp-content\/uploads\/2025\/05\/Politica-SSE-Diesel-Expert.pdf\" data-type=\"link\" data-id=\"https:\/\/dieselexpert.com\/wp-content\/uploads\/2025\/05\/Politica-SSE-Diesel-Expert.pdf\">Descargar (125 ko)<\/a><\/p>\n","protected":false},"excerpt":{"rendered":"<p>Nuestra politica SSE DEX Services garantiza que sus empleados trabajen en un entorno seguro donde el enfoque de Salud, Seguridad y Medio Ambiente es una prioridad de la empresa. Para contribuir a su rendimiento, DEX implementa un sistema de gesti\u00f3n de HSE con la ayuda de las normas ISO 14001 y MASE, as\u00ed como del [&hellip;]<\/p>\n","protected":false},"author":3,"featured_media":0,"parent":0,"menu_order":0,"comment_status":"closed","ping_status":"closed","template":"","meta":{"footnotes":""},"class_list":["post-3362","page","type-page","status-publish","hentry"],"_links":{"self":[{"href":"https:\/\/dieselexpert.com\/es\/wp-json\/wp\/v2\/pages\/3362","targetHints":{"allow":["GET"]}}],"collection":[{"href":"https:\/\/dieselexpert.com\/es\/wp-json\/wp\/v2\/pages"}],"about":[{"href":"https:\/\/dieselexpert.com\/es\/wp-json\/wp\/v2\/types\/page"}],"author":[{"embeddable":true,"href":"https:\/\/dieselexpert.com\/es\/wp-json\/wp\/v2\/users\/3"}],"replies":[{"embeddable":true,"href":"https:\/\/dieselexpert.com\/es\/wp-json\/wp\/v2\/comments?post=3362"}],"version-history":[{"count":6,"href":"https:\/\/dieselexpert.com\/es\/wp-json\/wp\/v2\/pages\/3362\/revisions"}],"predecessor-version":[{"id":3438,"href":"https:\/\/dieselexpert.com\/es\/wp-json\/wp\/v2\/pages\/3362\/revisions\/3438"}],"wp:attachment":[{"href":"https:\/\/dieselexpert.com\/es\/wp-json\/wp\/v2\/media?parent=3362"}],"curies":[{"name":"wp","href":"https:\/\/api.w.org\/{rel}","templated":true}]}}