{"id":323,"date":"2017-02-13T19:41:27","date_gmt":"2017-02-13T18:41:27","guid":{"rendered":"https:\/\/dieselexpert.com\/?page_id=323"},"modified":"2025-04-01T12:35:39","modified_gmt":"2025-04-01T11:35:39","slug":"dex-services-es","status":"publish","type":"page","link":"https:\/\/dieselexpert.com\/es\/nuestros-servicios\/dex-services-es\/","title":{"rendered":"DEX Servicios"},"content":{"rendered":"\n<h2 class=\"wp-block-heading has-text-align-center\">Auditor\u00eda, experiencia t\u00e9cnica<\/h2>\n\n\n\n<ul class=\"wp-block-list\">\n<li>Auditor\u00eda t\u00e9cnica de centrales t\u00e9rmicas di\u00e9sel<\/li>\n\n\n\n<li>Retrofit<\/li>\n<\/ul>\n\n\n\n<h2 class=\"wp-block-heading has-text-align-center\">Mantenimiento<\/h2>\n\n\n\n<ul class=\"wp-block-list\">\n<li>Revisiones de motores di\u00e9sel y sus auxiliares mec\u00e1nicos y el\u00e9ctricos<\/li>\n\n\n\n<li>Realizaci\u00f3n de mantenimiento \u00abllave en mano\u00bb<\/li>\n\n\n\n<li>Supervisi\u00f3n<\/li>\n\n\n\n<li>Asesoramiento t\u00e9cnico<\/li>\n<\/ul>\n\n\n\n<p><a href=\"https:\/\/dieselexpert.com\/es\/nuestros-servicios\/dex-services-es\/mantenimiento-apoyo-tecnico\/\" data-type=\"page\" data-id=\"341\">Para saber m\u00e1s\u2026<\/a><\/p>\n\n\n\n<h2 class=\"wp-block-heading has-text-align-center\">Oficina de dise\u00f1o<\/h2>\n\n\n\n<ul class=\"wp-block-list\">\n<li>Estudios t\u00e9cnicos de sistemas industriales<\/li>\n\n\n\n<li>Dise\u00f1o<\/li>\n\n\n\n<li>Gesti\u00f3n de proyectos<\/li>\n\n\n\n<li>Asistencia a la gesti\u00f3n de proyectos<\/li>\n<\/ul>\n\n\n\n<p><a href=\"https:\/\/dieselexpert.com\/es\/nuestros-servicios\/dex-services-es\/dex-etudes\/\" data-type=\"page\" data-id=\"2509\">Para saber m\u00e1s\u2026<\/a><\/p>\n","protected":false},"excerpt":{"rendered":"<p>Auditor\u00eda, experiencia t\u00e9cnica Mantenimiento Para saber m\u00e1s\u2026 Oficina de dise\u00f1o Para saber m\u00e1s\u2026<\/p>\n","protected":false},"author":1,"featured_media":3109,"parent":265,"menu_order":5,"comment_status":"closed","ping_status":"closed","template":"","meta":{"footnotes":""},"class_list":["post-323","page","type-page","status-publish","has-post-thumbnail","hentry"],"_links":{"self":[{"href":"https:\/\/dieselexpert.com\/es\/wp-json\/wp\/v2\/pages\/323","targetHints":{"allow":["GET"]}}],"collection":[{"href":"https:\/\/dieselexpert.com\/es\/wp-json\/wp\/v2\/pages"}],"about":[{"href":"https:\/\/dieselexpert.com\/es\/wp-json\/wp\/v2\/types\/page"}],"author":[{"embeddable":true,"href":"https:\/\/dieselexpert.com\/es\/wp-json\/wp\/v2\/users\/1"}],"replies":[{"embeddable":true,"href":"https:\/\/dieselexpert.com\/es\/wp-json\/wp\/v2\/comments?post=323"}],"version-history":[{"count":8,"href":"https:\/\/dieselexpert.com\/es\/wp-json\/wp\/v2\/pages\/323\/revisions"}],"predecessor-version":[{"id":3218,"href":"https:\/\/dieselexpert.com\/es\/wp-json\/wp\/v2\/pages\/323\/revisions\/3218"}],"up":[{"embeddable":true,"href":"https:\/\/dieselexpert.com\/es\/wp-json\/wp\/v2\/pages\/265"}],"wp:featuredmedia":[{"embeddable":true,"href":"https:\/\/dieselexpert.com\/es\/wp-json\/wp\/v2\/media\/3109"}],"wp:attachment":[{"href":"https:\/\/dieselexpert.com\/es\/wp-json\/wp\/v2\/media?parent=323"}],"curies":[{"name":"wp","href":"https:\/\/api.w.org\/{rel}","templated":true}]}}