{"id":295,"date":"2017-02-13T19:19:59","date_gmt":"2017-02-13T18:19:59","guid":{"rendered":"https:\/\/dieselexpert.com\/?page_id=295"},"modified":"2017-03-07T21:45:16","modified_gmt":"2017-03-07T20:45:16","slug":"pistones","status":"publish","type":"page","link":"https:\/\/dieselexpert.com\/es\/nuestros-servicios\/renovacion\/pistones\/","title":{"rendered":"Pistones"},"content":{"rendered":"<p>La entrega de nuevas cabezas de pist\u00f3n se hace bajo las mismas condiciones y supervisi\u00f3n y control que llevamos a cabo en todas nuestras operaciones de renovaci\u00f3n.<br \/>\nAl momento de llegada de las cabezas de pist\u00f3n estas son controladas y verificadas con el fin de obtener un diagnostico de su estado en general, en problemas tales como: grietas, corrosiones (fretting) y  erosiones.<\/p>\n<p>Las gargantas en el pist\u00f3n son minuciosamente controladas et medidas.<\/p>\n<p>Nuestros procedimientos estas aprobados por la sociedad de clasificaci\u00f3n GERMANISCHER LLOYD, que consiste en la entrega en los costados de origen de las gargantas por medio del proceso de cromado  en ba\u00f1o electrol\u00edtico; Concientes de la importancia de la altura  necesaria entre la cabeza y las faldas del pist\u00f3n, la altura interior es controlada, recarga y re-mecanizada si hay necesidad.<\/p>\n<p><strong>Este es el proceso de protecci\u00f3n de las coronas de pist\u00f3n renovadas seg\u00fan nuestro est\u00e1ndard de calidad<\/strong><\/p>\n","protected":false},"excerpt":{"rendered":"<p>La entrega de nuevas cabezas de pist\u00f3n se hace bajo las mismas condiciones y supervisi\u00f3n y control que llevamos a cabo en todas nuestras operaciones de renovaci\u00f3n. Al momento de llegada de las cabezas de pist\u00f3n estas son controladas y verificadas con el fin de obtener un diagnostico de su estado en general, en problemas [&hellip;]<\/p>\n","protected":false},"author":1,"featured_media":0,"parent":282,"menu_order":3,"comment_status":"closed","ping_status":"closed","template":"page-galerie.php","meta":{"footnotes":""},"class_list":["post-295","page","type-page","status-publish","hentry"],"_links":{"self":[{"href":"https:\/\/dieselexpert.com\/es\/wp-json\/wp\/v2\/pages\/295","targetHints":{"allow":["GET"]}}],"collection":[{"href":"https:\/\/dieselexpert.com\/es\/wp-json\/wp\/v2\/pages"}],"about":[{"href":"https:\/\/dieselexpert.com\/es\/wp-json\/wp\/v2\/types\/page"}],"author":[{"embeddable":true,"href":"https:\/\/dieselexpert.com\/es\/wp-json\/wp\/v2\/users\/1"}],"replies":[{"embeddable":true,"href":"https:\/\/dieselexpert.com\/es\/wp-json\/wp\/v2\/comments?post=295"}],"version-history":[{"count":0,"href":"https:\/\/dieselexpert.com\/es\/wp-json\/wp\/v2\/pages\/295\/revisions"}],"up":[{"embeddable":true,"href":"https:\/\/dieselexpert.com\/es\/wp-json\/wp\/v2\/pages\/282"}],"wp:attachment":[{"href":"https:\/\/dieselexpert.com\/es\/wp-json\/wp\/v2\/media?parent=295"}],"curies":[{"name":"wp","href":"https:\/\/api.w.org\/{rel}","templated":true}]}}