{"id":290,"date":"2017-02-13T17:37:00","date_gmt":"2017-02-13T16:37:00","guid":{"rendered":"https:\/\/dieselexpert.com\/?page_id=290"},"modified":"2017-03-07T21:43:13","modified_gmt":"2017-03-07T20:43:13","slug":"cuerpos-de-valvulas","status":"publish","type":"page","link":"https:\/\/dieselexpert.com\/es\/nuestros-servicios\/renovacion\/cuerpos-de-valvulas\/","title":{"rendered":"Cuerpos de v\u00e1lvulas"},"content":{"rendered":"<p>Nuestros m\u00e9todos de reparaci\u00f3n son estrictamente controlados con el fin de asegurar una constante y \u00f3ptima calidad.<\/p>\n<p>El asiento del cuerpo de v\u00e1lvula es cortado y levantado mostrando una obstrucci\u00f3n parcial o completa del circuito de agua de enfriamiento al interior de la corona o en las aberturas de alimentaci\u00f3n.<\/p>\n<p>Estas ultimas son lavadas y seguido a esto se instala el nuevo asiento \u201cStellite\u201d y se procede a soldar sobre el mismo cuerpo.<\/p>\n<p>El an\u00e1lisis de los materiales a utilizar es efectuado con el fin de asegurar la compatibilidad con la materia de la nueva silla.<br \/>\nLas pruebas mas esenciales son practicadas sobre las piezas para establecer los buenos par\u00e1metros de soldadura y los tratamientos t\u00e9rmicos antes y despu\u00e9s que se realice esta operaci\u00f3n.<\/p>\n<p>Nuestra inquietud en la supervisi\u00f3n en cada detalle es primordial y las zonas sensibles al desgaste son metalizados para prevenir la erosi\u00f3n del metal.<\/p>\n<p>Los m\u00e1s altos y rigurosos controles de calidad son llevados a cabo, para asegurar la restauraci\u00f3n del cuerpo de v\u00e1lvula, perfectamente remanufacturado respectando las especificaciones de origen.<\/p>\n<p>Todas estas acciones son plasmadas en un informe que se le entrega ala cliente despu\u00e9s de terminar la renovaci\u00f3n.<\/p>\n<p>Los procesos que efectuamos est\u00e1n aprobados por LLOYDS REGISTER.<\/p>\n","protected":false},"excerpt":{"rendered":"<p>Nuestros m\u00e9todos de reparaci\u00f3n son estrictamente controlados con el fin de asegurar una constante y \u00f3ptima calidad. El asiento del cuerpo de v\u00e1lvula es cortado y levantado mostrando una obstrucci\u00f3n parcial o completa del circuito de agua de enfriamiento al interior de la corona o en las aberturas de alimentaci\u00f3n. Estas ultimas son lavadas y [&hellip;]<\/p>\n","protected":false},"author":1,"featured_media":0,"parent":282,"menu_order":2,"comment_status":"closed","ping_status":"closed","template":"page-colonne-double-2.php","meta":{"footnotes":""},"class_list":["post-290","page","type-page","status-publish","hentry"],"_links":{"self":[{"href":"https:\/\/dieselexpert.com\/es\/wp-json\/wp\/v2\/pages\/290","targetHints":{"allow":["GET"]}}],"collection":[{"href":"https:\/\/dieselexpert.com\/es\/wp-json\/wp\/v2\/pages"}],"about":[{"href":"https:\/\/dieselexpert.com\/es\/wp-json\/wp\/v2\/types\/page"}],"author":[{"embeddable":true,"href":"https:\/\/dieselexpert.com\/es\/wp-json\/wp\/v2\/users\/1"}],"replies":[{"embeddable":true,"href":"https:\/\/dieselexpert.com\/es\/wp-json\/wp\/v2\/comments?post=290"}],"version-history":[{"count":0,"href":"https:\/\/dieselexpert.com\/es\/wp-json\/wp\/v2\/pages\/290\/revisions"}],"up":[{"embeddable":true,"href":"https:\/\/dieselexpert.com\/es\/wp-json\/wp\/v2\/pages\/282"}],"wp:attachment":[{"href":"https:\/\/dieselexpert.com\/es\/wp-json\/wp\/v2\/media?parent=290"}],"curies":[{"name":"wp","href":"https:\/\/api.w.org\/{rel}","templated":true}]}}