{"id":286,"date":"2017-02-13T17:34:53","date_gmt":"2017-02-13T16:34:53","guid":{"rendered":"https:\/\/dieselexpert.com\/?page_id=286"},"modified":"2020-11-05T14:14:18","modified_gmt":"2020-11-05T13:14:18","slug":"culatas","status":"publish","type":"page","link":"https:\/\/dieselexpert.com\/es\/nuestros-servicios\/renovacion\/culatas\/","title":{"rendered":"Culatas"},"content":{"rendered":"<p>La reparaci\u00f3n de culatas agrietadas y da\u00f1adas deben realizarse seg\u00fan un proceso estandarizado obteniendo como producto final un beneficio costo-rendimiento.<\/p>\n<p>Este proceso solo puede llevarse a cabo por t\u00e9cnicos perfectamente entrenados, que operen en condiciones bastante precisas.<\/p>\n<p>Much\u00edsimas precauciones deben ser tenidas en cuenta con el fin de asegurar la compatibilidad de materiales de la culata y del tipo de soldadura utilizada. El precalentamiento y el enfriamiento son efectuados teniendo en cuenta las reacciones de los diferentes tipos de materiales en utilizaci\u00f3n .<\/p>\n<p>Las reparaciones son realizadas utilizando una varilla de hierro destinada \u00fanicamente para soldar. Este proceso de fundici\u00f3n consiste en calentar el hierro y realizar el proceso a una temperatura constante durante el periodo de operaci\u00f3n.<\/p>\n<p><img loading=\"lazy\" decoding=\"async\" width=\"480\" height=\"192\" class=\"alignleft size-medium wp-image-460\" alt=\"ren-cula0\" src=\"https:\/\/dieselexpert.com\/wp-content\/uploads\/2016\/09\/ren-cula0.jpg\" srcset=\"https:\/\/dieselexpert.com\/wp-content\/uploads\/2016\/09\/ren-cula0.jpg 480w, https:\/\/dieselexpert.com\/wp-content\/uploads\/2016\/09\/ren-cula0-300x120.jpg 300w\" sizes=\"auto, (max-width: 480px) 100vw, 480px\" \/><\/p>\n<p>La amalgama de metales debe ser seguido del mecanizado de alta precisi\u00f3n de la culata, con el fin que cumpla las especificaciones determinadas por el fabricante de origen. Despu\u00e9s del mecanizado final , todas las piezas deben someterse a un test de presi\u00f3n y detecci\u00f3n de grietas. Los procesos de renovaci\u00f3n incluyen el retorno en buen estado de todos los accesorios tales como: el asiento, inserts \u201cintake valve seat\u201d,bul\u00f2n y las placas de base.<\/p>\n<p>Estas piezas pueden ser suministradas directamente por el cliente o por nosotros mismos. Las culatas de casi todos los tipos de motor pueden ser renovadas y cubiertas por nuestra garant\u00eda est\u00e1ndar. Todos estos tipos de acciones son transmitidas por medio de un informe exhaustivo entregado al cliente despu\u00e9s de la reparaci\u00f3n.<\/p>\n<p>Los certificados de an\u00e1lisis de metal\u00fargica y de pruebas de presi\u00f3n pueden entregarse si el cliente as\u00ed lo solicita.<br \/>\nLas reparaciones est\u00e1n realizadas y aprobadas bajo la supervisi\u00f3n de LLOYDS y aprobadas por nuestros clientes.<\/p>\n","protected":false},"excerpt":{"rendered":"<p>La reparaci\u00f3n de culatas agrietadas y da\u00f1adas deben realizarse seg\u00fan un proceso estandarizado obteniendo como producto final un beneficio costo-rendimiento. Este proceso solo puede llevarse a cabo por t\u00e9cnicos perfectamente entrenados, que operen en condiciones bastante precisas. Much\u00edsimas precauciones deben ser tenidas en cuenta con el fin de asegurar la compatibilidad de materiales de la [&hellip;]<\/p>\n","protected":false},"author":1,"featured_media":0,"parent":282,"menu_order":1,"comment_status":"closed","ping_status":"closed","template":"","meta":{"footnotes":""},"class_list":["post-286","page","type-page","status-publish","hentry"],"_links":{"self":[{"href":"https:\/\/dieselexpert.com\/es\/wp-json\/wp\/v2\/pages\/286","targetHints":{"allow":["GET"]}}],"collection":[{"href":"https:\/\/dieselexpert.com\/es\/wp-json\/wp\/v2\/pages"}],"about":[{"href":"https:\/\/dieselexpert.com\/es\/wp-json\/wp\/v2\/types\/page"}],"author":[{"embeddable":true,"href":"https:\/\/dieselexpert.com\/es\/wp-json\/wp\/v2\/users\/1"}],"replies":[{"embeddable":true,"href":"https:\/\/dieselexpert.com\/es\/wp-json\/wp\/v2\/comments?post=286"}],"version-history":[{"count":0,"href":"https:\/\/dieselexpert.com\/es\/wp-json\/wp\/v2\/pages\/286\/revisions"}],"up":[{"embeddable":true,"href":"https:\/\/dieselexpert.com\/es\/wp-json\/wp\/v2\/pages\/282"}],"wp:attachment":[{"href":"https:\/\/dieselexpert.com\/es\/wp-json\/wp\/v2\/media?parent=286"}],"curies":[{"name":"wp","href":"https:\/\/api.w.org\/{rel}","templated":true}]}}