{"id":259,"date":"2017-02-10T22:35:03","date_gmt":"2017-02-10T21:35:03","guid":{"rendered":"https:\/\/dieselexpert.com\/?page_id=259"},"modified":"2017-07-28T08:29:28","modified_gmt":"2017-07-28T07:29:28","slug":"filtros-y-centrifugas","status":"publish","type":"page","link":"https:\/\/dieselexpert.com\/es\/nuestros-servicios\/piezas-de-recambio\/filtros-y-centrifugas\/","title":{"rendered":"Filtros y Centrifugas"},"content":{"rendered":"<p>El buen funcionamiento de un motor Diesel marino, depende en gran parte de la calidad de su lubricaci\u00f3n que esta ligada directamente al buen funcionamiento de sus centrifugas. Con el fin de ayudar a la buena planificaci\u00f3n en cuanto a las tareas de mantenimiento, nosotros proponemos productos adem\u00e1s de ser altamente confiables son f\u00e1cilmente intercambiables con las piezas de origen.<br \/>\nLos componentes son concebidos con el fin de responder a las especificaciones de los fabricantes de origen por medio del control de procesos mec\u00e1nicos y de los diferentes materiales utilizados.<\/p>\n<p>Todos los productos \u00a0est\u00e1n cubiertos por una garant\u00eda que varia de 6 a 18 meses.<\/p>\n<p><strong>CENTRIFUGAS ALFA LAVAL<\/strong><br \/>\nSA<br \/>\nSU<br \/>\nMAPX 204 &#8211; 205 &#8211; 207 &#8211; 210 \u2013 309-313<br \/>\nMAB 103 &#8211; 104 &#8211; 204 &#8211; 205 &#8211; 206 &#8211; 207 &#8211; 209<br \/>\nWHPX 405 &#8211; 407 &#8211; 409 &#8211; 410 &#8211; 413 &#8211; 505 &#8211; 507 &#8211; 508 &#8211; 510 &#8211; 513<br \/>\nMOPX 205 &#8211; 207 &#8211; 210 &#8211; 213 &#8211; 309 &#8211; 310<br \/>\nMMPX 303 &#8211; 304 &#8211; 403 &#8211; 404<br \/>\nMMB 203 &#8211; 304 &#8211; 305<br \/>\nMFPX 307<br \/>\nFOPX 605 &#8211; 607 &#8211; 609 &#8211; 610 &#8211; 611 &#8211; 613 &#8211; 614<br \/>\nLOPX 705 &#8211; 707 &#8211; 709 &#8211; 710 &#8211; 713 &#8211; 714<\/p>\n<p><strong>CENTRIFUGAS MISTSUBISHI<\/strong><br \/>\nGENIUS TYPE &#8211; SJ 10 &#8211; 20 &#8211; 30 &#8211; 50 &#8211; 60 &#8211; 70<br \/>\nFUTURE TYPE &#8211; SJ 10 &#8211; 15 &#8211; 30 &#8211; 40 &#8211; 50 &#8211; 80 &#8211; 100 &#8211; 120<br \/>\nEXCELLENT TYPES &#8211; SJ 10 &#8211; 11 &#8211; 15 &#8211; 16 &#8211; 20 &#8211; 25 &#8211; 30 &#8211; 40<br \/>\nTHOUSAND TYPES &#8211; SJ 700 &#8211; 2000 &#8211; 3000 &#8211; 4000 &#8211; 6000<\/p>\n<p><strong>CENTRIFUGAS WESTFALIA<\/strong><br \/>\nOSC 4 &#8211; 5 &#8211; 15 &#8211; 30<br \/>\nOSB 35<br \/>\nOSA 7 &#8211; 20 &#8211; 35<br \/>\nOSD 6 &#8211; 18<\/p>\n<p><strong>PLACAS Y O-RING DE PLACAS PARA INTERCAMBIO DE CALOR<\/strong><\/p>\n<p>ALFA-LAVAL \u2013 DONGNWA \u2013 APV \u2013GEA \u2013 HISAKA \u2013 PASILAC \u2013 SWEP &#8211; SCHMIDT &#8211; SONDEX \u2013 TRANTER \u2013VICARB \u2013CETETHERM<\/p>\n<p><strong>REPARACION Y INTERCAMBIO DE CARTAS ELECTRONICAS<\/strong><br \/>\nEPC 30, EPC 400, EPC 41<\/p>\n<p><strong>FILTROS BOLL &amp; KIRCH<\/strong><br \/>\nPOUR EAU, HUILE ET FUEL<br \/>\nFILTRES SIMPLEX<br \/>\nFILTRES DUPLEX<br \/>\nFILTRES AUTOMATICA<\/p>\n<p><strong>PLACAS PARA INTERCAMBIO DE CALOR<\/strong><br \/>\nABF 90 &#8211; 110 &#8211; 140 &#8211; 200<br \/>\nABQ 110 &#8211; 125<br \/>\nACD 25<br \/>\nACE 25 &#8211; 32 &#8211; 38 &#8211; 45 &#8211; 52<br \/>\nACF 80 &#8211; 90 &#8211; 100 &#8211; 110 &#8211; 125<br \/>\nACG 45 &#8211; 52 &#8211; 60<br \/>\nACP 25 &#8211; 32 &#8211; 38 &#8211; 45<br \/>\nALA 38<\/p>\n<p><strong>FILTROS MOATTI<\/strong><br \/>\nS\u00e9ries 120, 140, 150, 240, 280<\/p>\n<p><strong>GENERADORES DE AGUA DULCE<\/strong><br \/>\nNIREX GENERATEUR EAU DOUCE:<br \/>\nJWP 16- JWP 26 \u2013 JWP 36<\/p>\n<p><strong>BOMBAS TYPE IMO<\/strong><br \/>\nABF 90 &#8211; 110 &#8211; 140 &#8211; 200<br \/>\nABQ 110 &#8211; 125<br \/>\nACD 25<br \/>\nACE 25 &#8211; 32 &#8211; 38 &#8211; 45 &#8211; 52<br \/>\nACF 80 &#8211; 90 &#8211; 100 &#8211; 110 &#8211; 125<br \/>\nACG 45 &#8211; 52 &#8211; 60<br \/>\nACP 25 &#8211; 32 &#8211; 38 &#8211; 45<\/p>\n","protected":false},"excerpt":{"rendered":"<p>El buen funcionamiento de un motor Diesel marino, depende en gran parte de la calidad de su lubricaci\u00f3n que esta ligada directamente al buen funcionamiento de sus centrifugas. Con el fin de ayudar a la buena planificaci\u00f3n en cuanto a las tareas de mantenimiento, nosotros proponemos productos adem\u00e1s de ser altamente confiables son f\u00e1cilmente intercambiables [&hellip;]<\/p>\n","protected":false},"author":1,"featured_media":0,"parent":248,"menu_order":3,"comment_status":"closed","ping_status":"closed","template":"page-colonne-double-galerie.php","meta":{"footnotes":""},"class_list":["post-259","page","type-page","status-publish","hentry"],"_links":{"self":[{"href":"https:\/\/dieselexpert.com\/es\/wp-json\/wp\/v2\/pages\/259","targetHints":{"allow":["GET"]}}],"collection":[{"href":"https:\/\/dieselexpert.com\/es\/wp-json\/wp\/v2\/pages"}],"about":[{"href":"https:\/\/dieselexpert.com\/es\/wp-json\/wp\/v2\/types\/page"}],"author":[{"embeddable":true,"href":"https:\/\/dieselexpert.com\/es\/wp-json\/wp\/v2\/users\/1"}],"replies":[{"embeddable":true,"href":"https:\/\/dieselexpert.com\/es\/wp-json\/wp\/v2\/comments?post=259"}],"version-history":[{"count":0,"href":"https:\/\/dieselexpert.com\/es\/wp-json\/wp\/v2\/pages\/259\/revisions"}],"up":[{"embeddable":true,"href":"https:\/\/dieselexpert.com\/es\/wp-json\/wp\/v2\/pages\/248"}],"wp:attachment":[{"href":"https:\/\/dieselexpert.com\/es\/wp-json\/wp\/v2\/media?parent=259"}],"curies":[{"name":"wp","href":"https:\/\/api.w.org\/{rel}","templated":true}]}}