{"id":2509,"date":"2024-08-30T13:59:56","date_gmt":"2024-08-30T12:59:56","guid":{"rendered":"https:\/\/dieselexpert.com\/dex-etudes\/"},"modified":"2025-04-01T12:17:41","modified_gmt":"2025-04-01T11:17:41","slug":"dex-etudes","status":"publish","type":"page","link":"https:\/\/dieselexpert.com\/es\/nuestros-servicios\/dex-services-es\/dex-etudes\/","title":{"rendered":"DEX \u00c9tudes"},"content":{"rendered":"<p>DEX \u00c9tudes es una oficina de dise\u00f1o especializada en el sector industrial.<\/p>\n<blockquote><p><strong><em>DEX \u00c9tudes: tu experto en ingenier\u00eda industrial<\/em><\/strong><\/p><\/blockquote>\n<h2>Nuestros servicios:<\/h2>\n<p>Ubicados en la zona industrial de Punaruu, apoyamos a nuestros clientes en Fenua por un futuro m\u00e1s verde con energ\u00edas m\u00e1s amigables con el medio ambiente en un mix energ\u00e9tico complejo. Desde el an\u00e1lisis de sus necesidades hasta la implementaci\u00f3n de soluciones a medida, le ofrecemos un soporte completo:<\/p>\n<ul>\n<li><strong>Consultor\u00eda energ\u00e9tica:<\/strong> Optimizaci\u00f3n de su consumo, elecci\u00f3n de energ\u00edas renovables adaptadas a su contexto.<\/li>\n<li><strong>Estudios y dise\u00f1o<\/strong>: Dimensionamiento de las instalaciones, costeado, planificaci\u00f3n, elaboraci\u00f3n de planos de detalle.<\/li>\n<li><strong>Seguimiento de obra:<\/strong> Coordinaci\u00f3n de equipos, cumplimiento de plazos y presupuestos.<\/li>\n<li><strong>Asistencia en la gesti\u00f3n de proyectos:<\/strong> Un \u00fanico punto de contacto para todos sus proyectos con socios externos en ingenier\u00eda el\u00e9ctrica y civil.<\/li>\n<\/ul>\n<h2>Nuestras \u00e1reas de aplicaci\u00f3n:<\/h2>\n<ul>\n<li>Procesos industriales (instalaci\u00f3n hidr\u00e1ulica, circuitos de combustible, tratamiento de aguas\/efluentes, filtraci\u00f3n, etc.)<\/li>\n<li>Proceso energ\u00e9tico (generaci\u00f3n de energ\u00eda, construcci\u00f3n, puesta en marcha, etc.)<\/li>\n<\/ul>\n<h2>\u00bfPor qu\u00e9 elegirnos?<\/h2>\n<p>Experiencia reconocida: Nuestro equipo de ingenieros pone su know-how al servicio de sus proyectos.<\/p>\n<ul>\n<li>Un ingeniero de proyectos \/ Realizaci\u00f3n de estudios:<\/li>\n<li><strong>Estudios de viabilidad : <\/strong>Evaluaci\u00f3n t\u00e9cnica y econ\u00f3mica de sus proyectos industriales.\n<ul>\n<li>Dise\u00f1o de sistemas energ\u00e9ticos : Dimensionamiento de equipos, creaci\u00f3n de diagramas y planos con herramientas CAD\/CAD.<\/li>\n<li><strong>Vigilancia tecnol\u00f3gica: <\/strong>Identificaci\u00f3n de nuevas soluciones t\u00e9cnicas y nuevos mercados.<\/li>\n<\/ul>\n<\/li>\n<li>Un ing\u00e9nieur projet \/ Suivi d&#8217;affaire :\n<ul>\n<li>Estudios de viabilidad : Evaluaci\u00f3n t\u00e9cnica y econ\u00f3mica de sus proyectos industriales.<\/li>\n<li>Dise\u00f1o de sistemas energ\u00e9ticos : Dimensionamiento de equipos, creaci\u00f3n de diagramas y planos con herramientas CAD\/CAD.<\/li>\n<li>Vigilancia tecnol\u00f3gica: Identificaci\u00f3n de nuevas soluciones t\u00e9cnicas y nuevos mercados.<\/li>\n<\/ul>\n<\/li>\n<li>Soporte personalizado: Estamos a su disposici\u00f3n para comprender sus necesidades espec\u00edficas y ofrecerle soluciones adaptadas:\n<ul>\n<li>En modo proyecto: APS APD AMT PRO DET MSI<\/li>\n<li>En modo de consultor\u00eda: investigaci\u00f3n, informe, apoyo a la toma de decisiones<\/li>\n<\/ul>\n<\/li>\n<\/ul>\n<ul>\n<li>Una red internacional: Benef\u00edciese de nuestra experiencia y conocimientos adquiridos en todo el mundo.<\/li>\n<\/ul>\n<blockquote><p><strong><em>Tu proyecto es \u00fanico. As\u00ed es nuestra soluci\u00f3n, hablemos de ello&#8230;<\/em><\/strong><\/p><\/blockquote>\n<h2><\/h2>\n<p><a href=\"https:\/\/dieselexpert.com\/wp-content\/uploads\/2024\/10\/DEX-Etudes_Presentation-.pdf\" target=\"_blank\" rel=\"noopener\"> <img loading=\"lazy\" decoding=\"async\" class=\"alignnone  wp-image-3024\" src=\"https:\/\/dieselexpert.com\/wp-content\/uploads\/2024\/10\/Brochure-DEX-Etudes-3-300x166.jpg\" alt=\"\" width=\"186\" height=\"103\" srcset=\"https:\/\/dieselexpert.com\/wp-content\/uploads\/2024\/10\/Brochure-DEX-Etudes-3-300x166.jpg 300w, https:\/\/dieselexpert.com\/wp-content\/uploads\/2024\/10\/Brochure-DEX-Etudes-3-768x425.jpg 768w, https:\/\/dieselexpert.com\/wp-content\/uploads\/2024\/10\/Brochure-DEX-Etudes-3.jpg 800w\" sizes=\"auto, (max-width: 186px) 100vw, 186px\" \/><\/a><a href=\"https:\/\/dieselexpert.com\/wp-content\/uploads\/2024\/10\/DEX-Etudes_Presentation-.pdf\">Descargue nuestro folleto<\/a><\/p>\n","protected":false},"excerpt":{"rendered":"<p>DEX \u00c9tudes es una oficina de dise\u00f1o especializada en el sector industrial. DEX \u00c9tudes: tu experto en ingenier\u00eda industrial Nuestros servicios: Ubicados en la zona industrial de Punaruu, apoyamos a nuestros clientes en Fenua por un futuro m\u00e1s verde con energ\u00edas m\u00e1s amigables con el medio ambiente en un mix energ\u00e9tico complejo. Desde el an\u00e1lisis [&hellip;]<\/p>\n","protected":false},"author":3,"featured_media":0,"parent":323,"menu_order":0,"comment_status":"closed","ping_status":"closed","template":"page-colonne-double-galerie.php","meta":{"footnotes":""},"class_list":["post-2509","page","type-page","status-publish","hentry"],"_links":{"self":[{"href":"https:\/\/dieselexpert.com\/es\/wp-json\/wp\/v2\/pages\/2509","targetHints":{"allow":["GET"]}}],"collection":[{"href":"https:\/\/dieselexpert.com\/es\/wp-json\/wp\/v2\/pages"}],"about":[{"href":"https:\/\/dieselexpert.com\/es\/wp-json\/wp\/v2\/types\/page"}],"author":[{"embeddable":true,"href":"https:\/\/dieselexpert.com\/es\/wp-json\/wp\/v2\/users\/3"}],"replies":[{"embeddable":true,"href":"https:\/\/dieselexpert.com\/es\/wp-json\/wp\/v2\/comments?post=2509"}],"version-history":[{"count":85,"href":"https:\/\/dieselexpert.com\/es\/wp-json\/wp\/v2\/pages\/2509\/revisions"}],"predecessor-version":[{"id":3201,"href":"https:\/\/dieselexpert.com\/es\/wp-json\/wp\/v2\/pages\/2509\/revisions\/3201"}],"up":[{"embeddable":true,"href":"https:\/\/dieselexpert.com\/es\/wp-json\/wp\/v2\/pages\/323"}],"wp:attachment":[{"href":"https:\/\/dieselexpert.com\/es\/wp-json\/wp\/v2\/media?parent=2509"}],"curies":[{"name":"wp","href":"https:\/\/api.w.org\/{rel}","templated":true}]}}