{"id":2414,"date":"2024-03-08T21:34:09","date_gmt":"2024-03-08T20:34:09","guid":{"rendered":"https:\/\/dieselexpert.com\/nuestros-servicios\/piezas-de-recambio\/hilco-sistemas-de-filtracion\/"},"modified":"2024-03-13T18:45:52","modified_gmt":"2024-03-13T17:45:52","slug":"hilco-sistemas-de-filtracion","status":"publish","type":"page","link":"https:\/\/dieselexpert.com\/es\/nuestros-servicios\/piezas-de-recambio\/hilco-sistemas-de-filtracion\/","title":{"rendered":"HILCO \u2013 Sistemas de filtraci\u00f3n"},"content":{"rendered":"\n<blockquote class=\"wp-block-quote is-layout-flow wp-block-quote-is-layout-flow\">\n<p>La fiabilidad y eficacia de cualquier sistema de filtraci\u00f3n depende principalmente de la calidad de los cartuchos utilizados.<\/p>\n\n\n\n<figure class=\"wp-block-image size-full\"><img loading=\"lazy\" decoding=\"async\" width=\"200\" height=\"74\" src=\"https:\/\/dieselexpert.com\/wp-content\/uploads\/2024\/03\/HILCO-Filtration-Systems-1.jpg\" alt=\"\" class=\"wp-image-2292\"\/><\/figure>\n<cite><a href=\"https:\/\/www.hilliardcorp.com\/\" target=\"_blank\" rel=\"noreferrer noopener\">Hilliard Corporation | Motion Control &amp; Filtration Technology<\/a><\/cite><\/blockquote>\n\n\n\n<p><\/p>\n\n\n\n<div class=\"wp-block-media-text is-stacked-on-mobile\" style=\"grid-template-columns:21% auto\"><figure class=\"wp-block-media-text__media\"><img loading=\"lazy\" decoding=\"async\" width=\"568\" height=\"399\" src=\"https:\/\/dieselexpert.com\/wp-content\/uploads\/2024\/03\/Catalogue-4.jpg\" alt=\"\" class=\"wp-image-2404 size-full\" srcset=\"https:\/\/dieselexpert.com\/wp-content\/uploads\/2024\/03\/Catalogue-4.jpg 568w, https:\/\/dieselexpert.com\/wp-content\/uploads\/2024\/03\/Catalogue-4-300x211.jpg 300w\" sizes=\"auto, (max-width: 568px) 100vw, 568px\" \/><\/figure><div class=\"wp-block-media-text__content\">\n<p><a href=\"https:\/\/www.hilliardcorp.com\/cmsb\/uploads\/plb-8-hilco-filter-catalog.pdf\">Cat\u00e1logo en l\u00ednea<\/a><\/p>\n<\/div><\/div>\n\n\n\n<blockquote class=\"wp-block-quote is-layout-flow wp-block-quote-is-layout-flow\">\n<p>HILCO controla los problemas de contaminaci\u00f3n de fluidos de manera rentable gracias a nuestra l\u00ednea integral de filtros, cartuchos, recuperadores, recicladores de l\u00edquido refrigerante y sistemas de acondicionamiento de fluidos. Vamos m\u00e1s all\u00e1 de los filtros para brindar un proceso completo de gesti\u00f3n de fluidos, desde la obtenci\u00f3n de muestras hasta el an\u00e1lisis de fluidos, asesoramiento sobre los equipos, t\u00e9cnicos de campo, ayuda para comenzar y mucho m\u00e1s.\n\n<\/p>\n<\/blockquote>\n","protected":false},"excerpt":{"rendered":"<p>Cat\u00e1logo en l\u00ednea HILCO controla los problemas de contaminaci\u00f3n de fluidos de manera rentable gracias a nuestra l\u00ednea integral de filtros, cartuchos, recuperadores, recicladores de l\u00edquido refrigerante y sistemas de acondicionamiento de fluidos. Vamos m\u00e1s all\u00e1 de los filtros para brindar un proceso completo de gesti\u00f3n de fluidos, desde la obtenci\u00f3n de muestras hasta el [&hellip;]<\/p>\n","protected":false},"author":3,"featured_media":0,"parent":248,"menu_order":3,"comment_status":"closed","ping_status":"closed","template":"page-colonne-double-galerie.php","meta":{"footnotes":""},"class_list":["post-2414","page","type-page","status-publish","hentry"],"_links":{"self":[{"href":"https:\/\/dieselexpert.com\/es\/wp-json\/wp\/v2\/pages\/2414","targetHints":{"allow":["GET"]}}],"collection":[{"href":"https:\/\/dieselexpert.com\/es\/wp-json\/wp\/v2\/pages"}],"about":[{"href":"https:\/\/dieselexpert.com\/es\/wp-json\/wp\/v2\/types\/page"}],"author":[{"embeddable":true,"href":"https:\/\/dieselexpert.com\/es\/wp-json\/wp\/v2\/users\/3"}],"replies":[{"embeddable":true,"href":"https:\/\/dieselexpert.com\/es\/wp-json\/wp\/v2\/comments?post=2414"}],"version-history":[{"count":3,"href":"https:\/\/dieselexpert.com\/es\/wp-json\/wp\/v2\/pages\/2414\/revisions"}],"predecessor-version":[{"id":2421,"href":"https:\/\/dieselexpert.com\/es\/wp-json\/wp\/v2\/pages\/2414\/revisions\/2421"}],"up":[{"embeddable":true,"href":"https:\/\/dieselexpert.com\/es\/wp-json\/wp\/v2\/pages\/248"}],"wp:attachment":[{"href":"https:\/\/dieselexpert.com\/es\/wp-json\/wp\/v2\/media?parent=2414"}],"curies":[{"name":"wp","href":"https:\/\/api.w.org\/{rel}","templated":true}]}}