{"id":236,"date":"2017-02-10T21:32:27","date_gmt":"2017-02-10T20:32:27","guid":{"rendered":"https:\/\/dieselexpert.com\/?page_id=236"},"modified":"2017-02-10T21:53:15","modified_gmt":"2017-02-10T20:53:15","slug":"pagina-principal","status":"publish","type":"page","link":"https:\/\/dieselexpert.com\/es\/pagina-principal\/","title":{"rendered":"P\u00e1gina principal"},"content":{"rendered":"<h2>Diesel Expert<\/h2>\n<p>Diesel Expert naci\u00f3 del deseo de ofrecer a los diferentes actores de la producci\u00f3n energ\u00e9tica,\u00a0 servicios de la mas alta calidad, en cada una de las centrales t\u00e9rmicas por hace mas de 20 a\u00f1os alrededor del mundo.<\/p>\n","protected":false},"excerpt":{"rendered":"<p>Diesel Expert Diesel Expert naci\u00f3 del deseo de ofrecer a los diferentes actores de la producci\u00f3n energ\u00e9tica,\u00a0 servicios de la mas alta calidad, en cada una de las centrales t\u00e9rmicas por hace mas de 20 a\u00f1os alrededor del mundo.<\/p>\n","protected":false},"author":1,"featured_media":0,"parent":0,"menu_order":0,"comment_status":"closed","ping_status":"closed","template":"page-accueil.php","meta":{"footnotes":""},"class_list":["post-236","page","type-page","status-publish","hentry"],"_links":{"self":[{"href":"https:\/\/dieselexpert.com\/es\/wp-json\/wp\/v2\/pages\/236","targetHints":{"allow":["GET"]}}],"collection":[{"href":"https:\/\/dieselexpert.com\/es\/wp-json\/wp\/v2\/pages"}],"about":[{"href":"https:\/\/dieselexpert.com\/es\/wp-json\/wp\/v2\/types\/page"}],"author":[{"embeddable":true,"href":"https:\/\/dieselexpert.com\/es\/wp-json\/wp\/v2\/users\/1"}],"replies":[{"embeddable":true,"href":"https:\/\/dieselexpert.com\/es\/wp-json\/wp\/v2\/comments?post=236"}],"version-history":[{"count":0,"href":"https:\/\/dieselexpert.com\/es\/wp-json\/wp\/v2\/pages\/236\/revisions"}],"wp:attachment":[{"href":"https:\/\/dieselexpert.com\/es\/wp-json\/wp\/v2\/media?parent=236"}],"curies":[{"name":"wp","href":"https:\/\/api.w.org\/{rel}","templated":true}]}}