{"id":229,"date":"2017-02-10T21:18:36","date_gmt":"2017-02-10T20:18:36","guid":{"rendered":"https:\/\/dieselexpert.com\/?page_id=229"},"modified":"2026-03-19T11:58:45","modified_gmt":"2026-03-19T10:58:45","slug":"quienes-somos","status":"publish","type":"page","link":"https:\/\/dieselexpert.com\/es\/nuestra-compania\/quienes-somos\/","title":{"rendered":"Qui\u00e9nes somos"},"content":{"rendered":"\n<p>Diesel Expert naci\u00f3 del deseo de ofrecer a los operadores de centrales t\u00e9rmicas productos y servicios de calidad.Hoy operamos en todo el mundo desde hace m\u00e1s de 30 a\u00f1os.<\/p>\n\n\n\n<p>Nuestra misi\u00f3n es proporcionar productos de calidad para apoyar sus operaciones de mantenimiento industrial y ser su proveedor principal para sus necesidades de mantenimiento industrial.<\/p>\n\n\n<p><!-- DIESEL EXPERT QUEBEC--><\/p>\n\n\n<div class=\"wp-block-media-text alignwide is-stacked-on-mobile\" style=\"grid-template-columns:48% auto\"><figure class=\"wp-block-media-text__media\"><img decoding=\"async\" src=\"https:\/\/dieselexpert.com\/wp-content\/uploads\/2024\/01\/Bureaux-QC-pf.jpg\" alt=\"\" class=\"wp-image-2014 size-full\"\/><\/figure><div class=\"wp-block-media-text__content\">\n<p><strong>DIESEL EXPERT Qu\u00e9bec<\/strong><\/p>\n<p>2125, rue Hertz, suite 200<br \/>Qu\u00e9bec (QC) G1N 4E1<br \/>Canada<\/p>\n<\/div><\/div>\n\n\n<p><!-- DIESEL EXPERT FRANCE--><\/p>\n\n\n<div class=\"wp-block-media-text alignwide is-stacked-on-mobile\" style=\"grid-template-columns:48% auto\"><figure class=\"wp-block-media-text__media\"><img decoding=\"async\" src=\"https:\/\/dieselexpert.com\/wp-content\/uploads\/2022\/04\/DEX-France_pf.jpg\" alt=\"\" class=\"wp-image-2014 size-full\"\/><\/figure><div class=\"wp-block-media-text__content\">\n<p><strong>DIESEL EXPERT France<\/strong><\/p>\n<p>Les entrep\u00f4ts de La Farl\u00e8de, lot 6<br \/>101, rue Pierre-Gilles de Gennes<br \/>83210 La Farl\u00e8de<br \/>France<\/p>\n<p><a href=\"https:\/\/dieselexpert.com\/a-propos\/qui-sommes-nous\/mentions-legales\/\">&gt;&gt;&gt; Mentiones legales<\/a><\/p>\n<\/div><\/div>\n\n\n<p><!-- DIESEL EXPERT POLYNESIE--><\/p>\n\n\n<h2 class=\"wp-block-heading\">Diesel Expert en Qu\u00e9bec<\/h2>\n\n\n<\/p>\n<p>\n\n\n<\/p>\n<figure class=\"wp-block-image size-full\"><img decoding=\"async\" class=\"wp-image-2014\" src=\"https:\/\/dieselexpert.com\/wp-content\/uploads\/2024\/01\/Bureaux-QC.jpg\" alt=\"\" \/>\n\n<\/figure>\n<p>\n\n\n<\/p>\n<p>\n\n\n<figure class=\"wp-block-image size-large\"><img decoding=\"async\" src=\"https:\/\/dieselexpert.com\/wp-content\/uploads\/2024\/01\/DEQ-stockage1-1-1024x768.jpg\" alt=\"\" class=\"wp-image-2213\"\/><\/figure>\n\n\n<\/p>\n<p>\n\n\n<figure class=\"wp-block-image size-large\"><img decoding=\"async\" src=\"https:\/\/dieselexpert.com\/wp-content\/uploads\/2024\/01\/DEQ-stockage2-1-1024x768.jpg\" alt=\"\" class=\"wp-image-2216\"\/><\/figure>\n\n\n<\/p>\n<p>\n\n\n<figure class=\"wp-block-image size-large\"><img decoding=\"async\" src=\"https:\/\/dieselexpert.com\/wp-content\/uploads\/2024\/01\/DEQ-stockage3-1-1024x768.jpg\" alt=\"\" class=\"wp-image-2219\"\/><\/figure>\n\n\n<\/p>\n<p>\n\n\n<h2 class=\"wp-block-heading\">Diesel Expert en Francia<\/h2>\n\n\n<\/p>\n<p>\n\n\n<figure class=\"wp-block-image size-large\"><img loading=\"lazy\" decoding=\"async\" width=\"1024\" height=\"768\" src=\"https:\/\/dieselexpert.com\/wp-content\/uploads\/2022\/03\/DEX-ext-2-1024x768.jpg\" alt=\"\" class=\"wp-image-1932\"\/><\/figure>\n\n\n<\/p>\n<p>\n\n\n<figure class=\"wp-block-image size-full\"><img loading=\"lazy\" decoding=\"async\" width=\"1024\" height=\"768\" src=\"https:\/\/dieselexpert.com\/wp-content\/uploads\/2022\/03\/bureau-et-magasin-1.jpg\" alt=\"\" class=\"wp-image-1986\" srcset=\"https:\/\/dieselexpert.com\/wp-content\/uploads\/2022\/03\/bureau-et-magasin-1.jpg 1024w, https:\/\/dieselexpert.com\/wp-content\/uploads\/2022\/03\/bureau-et-magasin-1-300x225.jpg 300w, https:\/\/dieselexpert.com\/wp-content\/uploads\/2022\/03\/bureau-et-magasin-1-768x576.jpg 768w\" sizes=\"auto, (max-width: 1024px) 100vw, 1024px\" \/><\/figure>\n\n\n","protected":false},"excerpt":{"rendered":"<p>Diesel Expert naci\u00f3 del deseo de ofrecer a los operadores de centrales t\u00e9rmicas productos y servicios de calidad.Hoy operamos en todo el mundo desde hace m\u00e1s de 30 a\u00f1os. Nuestra misi\u00f3n es proporcionar productos de calidad para apoyar sus operaciones de mantenimiento industrial y ser su proveedor principal para sus necesidades de mantenimiento industrial. DIESEL [&hellip;]<\/p>\n","protected":false},"author":1,"featured_media":0,"parent":275,"menu_order":0,"comment_status":"closed","ping_status":"closed","template":"","meta":{"footnotes":""},"class_list":["post-229","page","type-page","status-publish","hentry"],"_links":{"self":[{"href":"https:\/\/dieselexpert.com\/es\/wp-json\/wp\/v2\/pages\/229","targetHints":{"allow":["GET"]}}],"collection":[{"href":"https:\/\/dieselexpert.com\/es\/wp-json\/wp\/v2\/pages"}],"about":[{"href":"https:\/\/dieselexpert.com\/es\/wp-json\/wp\/v2\/types\/page"}],"author":[{"embeddable":true,"href":"https:\/\/dieselexpert.com\/es\/wp-json\/wp\/v2\/users\/1"}],"replies":[{"embeddable":true,"href":"https:\/\/dieselexpert.com\/es\/wp-json\/wp\/v2\/comments?post=229"}],"version-history":[{"count":21,"href":"https:\/\/dieselexpert.com\/es\/wp-json\/wp\/v2\/pages\/229\/revisions"}],"predecessor-version":[{"id":3532,"href":"https:\/\/dieselexpert.com\/es\/wp-json\/wp\/v2\/pages\/229\/revisions\/3532"}],"up":[{"embeddable":true,"href":"https:\/\/dieselexpert.com\/es\/wp-json\/wp\/v2\/pages\/275"}],"wp:attachment":[{"href":"https:\/\/dieselexpert.com\/es\/wp-json\/wp\/v2\/media?parent=229"}],"curies":[{"name":"wp","href":"https:\/\/api.w.org\/{rel}","templated":true}]}}