{"id":1576,"date":"2020-10-15T14:09:28","date_gmt":"2020-10-15T13:09:28","guid":{"rendered":"https:\/\/dieselexpert.com\/?page_id=1576"},"modified":"2020-11-05T15:05:14","modified_gmt":"2020-11-05T14:05:14","slug":"stock-himsen","status":"publish","type":"page","link":"https:\/\/dieselexpert.com\/es\/stock-en-venta\/stock-himsen\/","title":{"rendered":"Inventario Himsen H21\/32"},"content":{"rendered":"\n<h3 class=\"wp-block-heading\"><strong>Para motores tipo Himsen H21\/32<\/strong><\/h3>\n\n\n\n<ul class=\"wp-block-list\" id=\"block-ae636acd-9cde-463c-87f2-8c1c82a73b04\"><li>Arbre-manivelle 5 cylindres,<\/li><li>Arbes \u00e0 cames, 5 cylindres,<\/li><li>R\u00e9gulateur Woodward UG 25,<\/li><li>Culasses \u00e9quip\u00e9es,<\/li><li>Chemises de cylindre,<\/li><li>Bagues anti-polishing,<\/li><li>Kits de segments,<\/li><li>Pistons complets,<\/li><li>Axes de piston,<\/li><li>Poussoirs de soupapes,<\/li><li>Bielles,<\/li><li>Pompes \u00e0 injections,<\/li><li>Injecteurs complets NICO,<\/li><li>D\u00e9marreurs \u00e0 air,<\/li><li>Pompes de circulation d&#8217;eau,<\/li><li>Pompes de graissage,<\/li><li>Turbos ABB TPS 48 D01,<\/li><li>ESP &#8211; 2000 B, speed measuring units<\/li><li>YSNRL34-DL24 &#8211; panneaux de contr\u00f4le et d&#8217;alarmes Yongsung<\/li><li>Coffret de d\u00e9marrage.<\/li><\/ul>\n\n\n\n<p><a href=\"https:\/\/dieselexpert.com\/wp-content\/uploads\/2020\/10\/Spares-part-HIMSEN-used.pdf\" target=\"_blank\" rel=\"noreferrer noopener\">Descargar la Lista<\/a><\/p>\n","protected":false},"excerpt":{"rendered":"<p>Para motores tipo Himsen H21\/32 Arbre-manivelle 5 cylindres, Arbes \u00e0 cames, 5 cylindres, R\u00e9gulateur Woodward UG 25, Culasses \u00e9quip\u00e9es, Chemises de cylindre, Bagues anti-polishing, Kits de segments, Pistons complets, Axes de piston, Poussoirs de soupapes, Bielles, Pompes \u00e0 injections, Injecteurs complets NICO, D\u00e9marreurs \u00e0 air, Pompes de circulation d&#8217;eau, Pompes de graissage, Turbos ABB TPS [&hellip;]<\/p>\n","protected":false},"author":3,"featured_media":0,"parent":808,"menu_order":1,"comment_status":"closed","ping_status":"closed","template":"","meta":{"footnotes":""},"class_list":["post-1576","page","type-page","status-publish","hentry"],"_links":{"self":[{"href":"https:\/\/dieselexpert.com\/es\/wp-json\/wp\/v2\/pages\/1576","targetHints":{"allow":["GET"]}}],"collection":[{"href":"https:\/\/dieselexpert.com\/es\/wp-json\/wp\/v2\/pages"}],"about":[{"href":"https:\/\/dieselexpert.com\/es\/wp-json\/wp\/v2\/types\/page"}],"author":[{"embeddable":true,"href":"https:\/\/dieselexpert.com\/es\/wp-json\/wp\/v2\/users\/3"}],"replies":[{"embeddable":true,"href":"https:\/\/dieselexpert.com\/es\/wp-json\/wp\/v2\/comments?post=1576"}],"version-history":[{"count":0,"href":"https:\/\/dieselexpert.com\/es\/wp-json\/wp\/v2\/pages\/1576\/revisions"}],"up":[{"embeddable":true,"href":"https:\/\/dieselexpert.com\/es\/wp-json\/wp\/v2\/pages\/808"}],"wp:attachment":[{"href":"https:\/\/dieselexpert.com\/es\/wp-json\/wp\/v2\/media?parent=1576"}],"curies":[{"name":"wp","href":"https:\/\/api.w.org\/{rel}","templated":true}]}}