{"id":682,"date":"2018-01-16T20:51:58","date_gmt":"2018-01-16T19:51:58","guid":{"rendered":"https:\/\/dieselexpert.com\/?page_id=682\/"},"modified":"2026-03-19T13:18:37","modified_gmt":"2026-03-19T12:18:37","slug":"our-team","status":"publish","type":"page","link":"https:\/\/dieselexpert.com\/en\/about-us\/our-team\/","title":{"rendered":"Our team"},"content":{"rendered":"<h2>DEX Quebec<\/h2>\n<div class=\"row\">\n<div class=\"col-lg-3 col-md-4 col-sm-6 col-xs-12\"><strong><img loading=\"lazy\" decoding=\"async\" class=\"alignnone size-full wp-image-2067\" src=\"https:\/\/dieselexpert.com\/wp-content\/uploads\/2022\/11\/Chalifour-Martin-150-150.jpg\" alt=\"\" width=\"150\" height=\"150\" \/>Martin Chalifour<\/strong><br \/>\nPresident<\/div>\n<div class=\"col-lg-3 col-md-4 col-sm-6 col-xs-12\"><img loading=\"lazy\" decoding=\"async\" class=\"img-responsive\" src=\"https:\/\/dieselexpert.com\/wp-content\/uploads\/2019\/06\/JM-5.jpg\" alt=\"\" width=\"150\" height=\"150\" \/><strong>Johanne Morin<\/strong><br \/>\nController<\/div>\n<div class=\"col-lg-3 col-md-4 col-sm-6 col-xs-12\"><img loading=\"lazy\" decoding=\"async\" class=\"img-responsive\" src=\"https:\/\/dieselexpert.com\/wp-content\/uploads\/2026\/03\/Melissa-Sheppard-Turcottre.jpg\" alt=\"\" width=\"150\" height=\"150\" \/><strong>M\u00e9lissa Sheppard-Turcotte<\/strong><br \/>\nController<\/div>\n<div class=\"col-lg-3 col-md-4 col-sm-6 col-xs-12\"><img loading=\"lazy\" decoding=\"async\" class=\"img-responsive\" src=\"https:\/\/dieselexpert.com\/wp-content\/uploads\/2020\/02\/DEX-150.jpg\" alt=\"\" width=\"150\" height=\"150\" \/><strong>Anne Ouellet<\/strong><br \/>\nAccountant<\/div>\n<\/div>\n<div class=\"row\">\n<div class=\"col-lg-3 col-md-4 col-sm-6 col-xs-12\"><img loading=\"lazy\" decoding=\"async\" class=\"img-responsive\" src=\"https:\/\/dieselexpert.com\/wp-content\/uploads\/2019\/02\/Daniel-150x150.jpg\" alt=\"\" width=\"150\" height=\"150\" \/><strong>Daniel Usberto<\/strong><br \/>\nCommercial Director<\/div>\n<div class=\"col-lg-3 col-md-4 col-sm-6 col-xs-12\"><img loading=\"lazy\" decoding=\"async\" class=\"img-responsive\" src=\" https:\/\/dieselexpert.com\/wp-content\/uploads\/2025\/02\/BP.jpg\" alt=\"\" width=\"150\" height=\"150\" \/><strong>Benjamin Pacas<\/strong><br \/>\nTechnical specialist<\/div>\n<div class=\"col-lg-3 col-md-4 col-sm-6 col-xs-12\"><img loading=\"lazy\" decoding=\"async\" class=\"img-responsive\" src=\" https:\/\/dieselexpert.com\/wp-content\/uploads\/2025\/02\/GM-1.jpg\" alt=\"\" width=\"150\" height=\"150\" \/><strong> Gianni Martinez <\/strong><br \/>\nAccounts manager <\/div>\n<div class=\"col-lg-3 col-md-4 col-sm-6 col-xs-12\"><img loading=\"lazy\" decoding=\"async\" class=\"img-responsive\" src=\"https:\/\/dieselexpert.com\/wp-content\/uploads\/2025\/03\/JA.jpg\" alt=\"\" width=\"150\" height=\"150\" \/><strong>Jean Abrard<\/strong><br \/>\nProject manager<\/div>\n<div class=\"col-lg-3 col-md-4 col-sm-6 col-xs-12\"><img loading=\"lazy\" decoding=\"async\" class=\"img-responsive\" src=\"https:\/\/dieselexpert.com\/wp-content\/uploads\/2025\/08\/MP.jpg\" alt=\"\" width=\"150\" height=\"150\" \/><strong>Michel Perron<\/strong><br \/>\nLogistic<\/div>\n<\/div>\n<div class=\"row\">\n<div class=\"col-lg-3 col-md-4 col-sm-6 col-xs-12\"><img loading=\"lazy\" decoding=\"async\" class=\"img-responsive\" src=\"https:\/\/dieselexpert.com\/wp-content\/uploads\/2019\/02\/Stephan-150x150-1.jpg\" alt=\"\" width=\"150\" height=\"150\" \/><strong>St\u00e9phan Fournier<\/strong><br \/>\nStock keeper<\/div>\n<div class=\"col-lg-3 col-md-4 col-sm-6 col-xs-12\"><img loading=\"lazy\" decoding=\"async\" class=\"img-responsive\" src=\"https:\/\/dieselexpert.com\/wp-content\/uploads\/2020\/02\/DEX-150.jpg\" alt=\"\" width=\"150\" height=\"150\" \/><strong>Samuel Lefran\u00e7ois<\/strong><br \/>\nWarehouseman<\/div>\n<\/div>\n<h2>DEX France<\/h2>\n<div class=\"row\">\n<div class=\"col-lg-3 col-md-4 col-sm-6 col-xs-12\"><strong><img loading=\"lazy\" decoding=\"async\" class=\" img-responsive \" src=\"https:\/\/dieselexpert.com\/wp-content\/uploads\/2022\/11\/Chalifour-Martin-150-150.jpg\" alt=\"\" width=\"150\" height=\"150\" \/>Martin Chalifour<\/strong><br \/>\nPresident<\/div>\n<div class=\"col-lg-3 col-md-4 col-sm-6 col-xs-12\"><img loading=\"lazy\" decoding=\"async\" class=\"img-responsive\" src=\"https:\/\/dieselexpert.com\/wp-content\/uploads\/2026\/02\/Francois-MECIAR.jpg\" alt=\"\" width=\"150\" height=\"150\" \/><strong>Fran\u00e7ois M\u00e9ciar<\/strong><br \/>\nTechnical Director HSE Manager<\/div>\n<div class=\"col-lg-3 col-md-4 col-sm-6 col-xs-12\"><img decoding=\"async\" class=\"img-responsive\" src=\"https:\/\/dieselexpert.com\/wp-content\/uploads\/2026\/02\/Cedric-BERNARD.jpg\" alt=\"\" \/><strong>C\u00e9dric Bernard<\/strong><br \/>\nSales engineer<\/div>\n<div class=\"col-lg-3 col-md-4 col-sm-6 col-xs-12\"><img loading=\"lazy\" decoding=\"async\" class=\"img-responsive\" src=\"https:\/\/dieselexpert.com\/wp-content\/uploads\/2020\/02\/DEX-150.jpg\" alt=\"\" width=\"150\" height=\"150\" \/><strong> Damien Moreau <\/strong><br \/>\nAccounts manager<\/div>\n<\/div>\n<div class=\"row\">\n<div class=\"col-lg-3 col-md-4 col-sm-6 col-xs-12\"><img decoding=\"async\" class=\"img-responsive\" src=\"https:\/\/dieselexpert.com\/wp-content\/uploads\/2019\/02\/kevin-defay-150x150.jpg\" alt=\"\" \/><strong>Kevin Defay<\/strong><br \/>\nAccounts manager<\/div>\n<div class=\"col-lg-3 col-md-4 col-sm-6 col-xs-12\"><img loading=\"lazy\" decoding=\"async\" class=\"img-responsive\" src=\"https:\/\/dieselexpert.com\/wp-content\/uploads\/2026\/02\/Cyril-MECIAR.jpg\" alt=\"\" width=\"150\" height=\"150\" \/><strong>Cyril MECIAR<\/strong><br \/>\nAccounts manager Warehouse<\/div>\n<div class=\"col-lg-3 col-md-4 col-sm-6 col-xs-12\"><img loading=\"lazy\" decoding=\"async\" class=\"img-responsive\" src=\"https:\/\/dieselexpert.com\/wp-content\/uploads\/2026\/02\/Theo-VILANOVA-SEGUI.jpg\" alt=\"\" width=\"150\" height=\"150\" \/><strong>Th\u00e9o Vilanova-Segui<\/strong><br \/>\nDiesel technician<\/div>\n<\/div>\n<h2>DEX \u00c9tudes &#8211; French Polynesia<\/h2>\n<div class=\"row\">\n<div class=\"col-lg-3 col-md-4 col-sm-6 col-xs-12\"><img loading=\"lazy\" decoding=\"async\" class=\"img-responsive\" src=\" https:\/\/dieselexpert.com\/wp-content\/uploads\/2025\/02\/RM-1.jpg\" alt=\"\" width=\"150\" height=\"150\" \/><strong> Romain Batcrabere <\/strong><br \/>\nMechanical engineer &#8211; Projects manager<\/div>\n<\/div>\n","protected":false},"excerpt":{"rendered":"<p>DEX Quebec Martin Chalifour President Johanne Morin Controller M\u00e9lissa Sheppard-Turcotte Controller Anne Ouellet Accountant Daniel Usberto Commercial Director Benjamin Pacas Technical specialist Gianni Martinez Accounts manager Jean Abrard Project manager Michel Perron Logistic St\u00e9phan Fournier Stock keeper Samuel Lefran\u00e7ois Warehouseman DEX France Martin Chalifour President Fran\u00e7ois M\u00e9ciar Technical Director HSE Manager C\u00e9dric Bernard Sales engineer [&hellip;]<\/p>\n","protected":false},"author":1,"featured_media":0,"parent":272,"menu_order":0,"comment_status":"closed","ping_status":"closed","template":"","meta":{"footnotes":""},"class_list":["post-682","page","type-page","status-publish","hentry"],"_links":{"self":[{"href":"https:\/\/dieselexpert.com\/en\/wp-json\/wp\/v2\/pages\/682","targetHints":{"allow":["GET"]}}],"collection":[{"href":"https:\/\/dieselexpert.com\/en\/wp-json\/wp\/v2\/pages"}],"about":[{"href":"https:\/\/dieselexpert.com\/en\/wp-json\/wp\/v2\/types\/page"}],"author":[{"embeddable":true,"href":"https:\/\/dieselexpert.com\/en\/wp-json\/wp\/v2\/users\/1"}],"replies":[{"embeddable":true,"href":"https:\/\/dieselexpert.com\/en\/wp-json\/wp\/v2\/comments?post=682"}],"version-history":[{"count":40,"href":"https:\/\/dieselexpert.com\/en\/wp-json\/wp\/v2\/pages\/682\/revisions"}],"predecessor-version":[{"id":3540,"href":"https:\/\/dieselexpert.com\/en\/wp-json\/wp\/v2\/pages\/682\/revisions\/3540"}],"up":[{"embeddable":true,"href":"https:\/\/dieselexpert.com\/en\/wp-json\/wp\/v2\/pages\/272"}],"wp:attachment":[{"href":"https:\/\/dieselexpert.com\/en\/wp-json\/wp\/v2\/media?parent=682"}],"curies":[{"name":"wp","href":"https:\/\/api.w.org\/{rel}","templated":true}]}}