{"id":293,"date":"2017-02-13T19:13:00","date_gmt":"2017-02-13T18:13:00","guid":{"rendered":"https:\/\/dieselexpert.com\/?page_id=293"},"modified":"2017-03-07T21:44:48","modified_gmt":"2017-03-07T20:44:48","slug":"piston-crowns","status":"publish","type":"page","link":"https:\/\/dieselexpert.com\/en\/our-services\/retrofit\/piston-crowns\/","title":{"rendered":"Piston crowns"},"content":{"rendered":"<p>La remise \u00e0 neuf des t\u00eates de pistons se fait dans les m\u00eames conditions de suivi et contr\u00f4le que pour toutes nos autres op\u00e9rations de r\u00e9novation.<\/p>\n<p>\u00c0 l\u2019arriv\u00e9e, les t\u00eates de pistons sont contr\u00f4l\u00e9es pour obtenir un diagnostic sur leur \u00e9tat g\u00e9n\u00e9ral, les probl\u00e8mes de fissures, de fretting et ou d\u2019\u00e9rosion. Les gorges sont minutieusement contr\u00f4l\u00e9es et mesur\u00e9es.<\/p>\n<p>Notre proc\u00e9dure, approuv\u00e9e par la soci\u00e9t\u00e9 de classification GERMANISCHER LLOYD, consiste en une remise aux cotes d\u2019origines des gorges par  proc\u00e9d\u00e9 de chromage en bain \u00e9lectrolytique.  Conscient de l\u2019importance du jeu n\u00e9cessaire entre la t\u00eate et la jupe de piston, la hauteur int\u00e9rieure est contr\u00f4l\u00e9e, recharg\u00e9e et r\u00e9-usin\u00e9e au besoin.<\/p>\n<p>Toutes ces actions sont signifi\u00e9es dans un rapport exhaustif remis au client \u00e0 l\u2019issue de la r\u00e9paration.<\/p>\n<p><strong>How do we pack the piston crowns finished repaired according to our quality standard !<\/strong><\/p>\n","protected":false},"excerpt":{"rendered":"<p>La remise \u00e0 neuf des t\u00eates de pistons se fait dans les m\u00eames conditions de suivi et contr\u00f4le que pour toutes nos autres op\u00e9rations de r\u00e9novation. \u00c0 l\u2019arriv\u00e9e, les t\u00eates de pistons sont contr\u00f4l\u00e9es pour obtenir un diagnostic sur leur \u00e9tat g\u00e9n\u00e9ral, les probl\u00e8mes de fissures, de fretting et ou d\u2019\u00e9rosion. Les gorges sont minutieusement [&hellip;]<\/p>\n","protected":false},"author":1,"featured_media":0,"parent":280,"menu_order":3,"comment_status":"closed","ping_status":"closed","template":"page-galerie.php","meta":{"footnotes":""},"class_list":["post-293","page","type-page","status-publish","hentry"],"_links":{"self":[{"href":"https:\/\/dieselexpert.com\/en\/wp-json\/wp\/v2\/pages\/293","targetHints":{"allow":["GET"]}}],"collection":[{"href":"https:\/\/dieselexpert.com\/en\/wp-json\/wp\/v2\/pages"}],"about":[{"href":"https:\/\/dieselexpert.com\/en\/wp-json\/wp\/v2\/types\/page"}],"author":[{"embeddable":true,"href":"https:\/\/dieselexpert.com\/en\/wp-json\/wp\/v2\/users\/1"}],"replies":[{"embeddable":true,"href":"https:\/\/dieselexpert.com\/en\/wp-json\/wp\/v2\/comments?post=293"}],"version-history":[{"count":0,"href":"https:\/\/dieselexpert.com\/en\/wp-json\/wp\/v2\/pages\/293\/revisions"}],"up":[{"embeddable":true,"href":"https:\/\/dieselexpert.com\/en\/wp-json\/wp\/v2\/pages\/280"}],"wp:attachment":[{"href":"https:\/\/dieselexpert.com\/en\/wp-json\/wp\/v2\/media?parent=293"}],"curies":[{"name":"wp","href":"https:\/\/api.w.org\/{rel}","templated":true}]}}